{"id":500,"date":"2026-01-19T13:35:05","date_gmt":"2026-01-19T12:35:05","guid":{"rendered":"https:\/\/www.dendropharm.de\/?page_id=500"},"modified":"2026-03-11T16:58:26","modified_gmt":"2026-03-11T15:58:26","slug":"investoren-3","status":"publish","type":"page","link":"https:\/\/www.dendropharm.de\/en\/investoren-3\/","title":{"rendered":"Investoren BESPRECHUNG1"},"content":{"rendered":"<p>[et_pb_section fb_built=&#8221;1&#8243; fullwidth=&#8221;on&#8221; _builder_version=&#8221;4.27.6&#8243; _module_preset=&#8221;default&#8221; global_colors_info=&#8221;{}&#8221; theme_builder_area=&#8221;post_content&#8221;][et_pb_fullwidth_slider show_arrows=&#8221;off&#8221; show_pagination=&#8221;off&#8221; _builder_version=&#8221;4.27.6&#8243; _module_preset=&#8221;default&#8221; background_image=&#8221;https:\/\/www.dendropharm.de\/wp-content\/uploads\/Investors-Header-VL-scaled.jpg&#8221; background_position=&#8221;top_center&#8221; background_vertical_offset=&#8221;6%&#8221; width=&#8221;100%&#8221; width_tablet=&#8221;100%&#8221; width_phone=&#8221;100%&#8221; width_last_edited=&#8221;on|phone&#8221; min_height=&#8221;632px&#8221; min_height_tablet=&#8221;632px&#8221; min_height_phone=&#8221;632px&#8221; min_height_last_edited=&#8221;on|phone&#8221; hover_enabled=&#8221;0&#8243; background_color_phone=&#8221;RGBA(255,255,255,0)&#8221; background_last_edited=&#8221;on|phone&#8221; background_enable_color_phone=&#8221;on&#8221; background_enable_image_phone=&#8221;off&#8221; background_video_webm_phone=&#8221;https:\/\/www.dendropharm.de\/wp-content\/uploads\/Dendropharm2-WEB.webm&#8221; background_enable_video_webm_phone=&#8221;on&#8221; background_video_width_phone=&#8221;480&#8243; global_colors_info=&#8221;{}&#8221; theme_builder_area=&#8221;post_content&#8221; sticky_enabled=&#8221;0&#8243;][et_pb_slide video_url=&#8221;https:\/\/www.dendropharm.de\/wp-content\/uploads\/Dendropharm2-WEB.webm&#8221; video_url_tablet=&#8221;https:\/\/www.dendropharm.de\/wp-content\/uploads\/Dendropharm2-WEB.webm&#8221; video_url_phone=&#8221;https:\/\/www.dendropharm.de\/wp-content\/uploads\/Dendropharm2-WEB.webm&#8221; video_url_last_edited=&#8221;on|phone&#8221; _builder_version=&#8221;4.27.6&#8243; _module_preset=&#8221;default&#8221; header_font=&#8221;|700|||||||&#8221; background_enable_color=&#8221;off&#8221; width=&#8221;70%&#8221; custom_padding=&#8221;||||false|false&#8221; hover_enabled=&#8221;0&#8243; global_colors_info=&#8221;{}&#8221; sticky_transition=&#8221;on&#8221; theme_builder_area=&#8221;post_content&#8221; custom_css_free_form=&#8221;div.et_pb_module div.et_pb_slide_video div.wp-video {||\tmargin-left: -150px;||}&#8221; sticky_enabled=&#8221;0&#8243;][\/et_pb_slide][\/et_pb_fullwidth_slider][\/et_pb_section][et_pb_section fb_built=&#8221;1&#8243; _builder_version=&#8221;4.27.5&#8243; _module_preset=&#8221;default&#8221; background_color=&#8221;#52878b&#8221; custom_padding=&#8221;8px||0px|||&#8221; global_colors_info=&#8221;{}&#8221; theme_builder_area=&#8221;post_content&#8221;][et_pb_row _builder_version=&#8221;4.27.5&#8243; _module_preset=&#8221;default&#8221; custom_padding=&#8221;8px||30px|||&#8221; global_colors_info=&#8221;{}&#8221; theme_builder_area=&#8221;post_content&#8221;][et_pb_column type=&#8221;4_4&#8243; _builder_version=&#8221;4.27.5&#8243; _module_preset=&#8221;default&#8221; global_colors_info=&#8221;{}&#8221; theme_builder_area=&#8221;post_content&#8221;][et_pb_text _builder_version=&#8221;4.27.5&#8243; _module_preset=&#8221;default&#8221; text_font=&#8221;||||on||||&#8221; text_text_color=&#8221;#FFFFFF&#8221; text_font_size=&#8221;39px&#8221; text_orientation=&#8221;center&#8221; link_option_url=&#8221;https:\/\/www.fundernation.eu\/investments\/dendropharm?mtm_kwd=ff&#8221; link_option_url_new_window=&#8221;on&#8221; text_font_size_tablet=&#8221;33px&#8221; text_font_size_phone=&#8221;22px&#8221; text_font_size_last_edited=&#8221;on|phone&#8221; global_colors_info=&#8221;{}&#8221; theme_builder_area=&#8221;post_content&#8221;]<\/p>\n<p>Investieren Sie jetzt ab 100 \u20ac!<\/p>\n<p>[\/et_pb_text][\/et_pb_column][\/et_pb_row][\/et_pb_section][et_pb_section fb_built=&#8221;1&#8243; _builder_version=&#8221;4.27.5&#8243; _module_preset=&#8221;default&#8221; custom_margin=&#8221;-11px|||||&#8221; custom_padding=&#8221;||3px|||&#8221; global_colors_info=&#8221;{}&#8221; theme_builder_area=&#8221;post_content&#8221;][et_pb_row _builder_version=&#8221;4.27.5&#8243; _module_preset=&#8221;default&#8221; global_colors_info=&#8221;{}&#8221; theme_builder_area=&#8221;post_content&#8221;][et_pb_column type=&#8221;4_4&#8243; _builder_version=&#8221;4.27.5&#8243; _module_preset=&#8221;default&#8221; global_colors_info=&#8221;{}&#8221; theme_builder_area=&#8221;post_content&#8221;][et_pb_heading title=&#8221;Seien Sie Teil der L\u00f6sung der Opioidkrise. &#8221; _builder_version=&#8221;4.27.5&#8243; _module_preset=&#8221;default&#8221; custom_margin=&#8221;||9px|||&#8221; global_colors_info=&#8221;{}&#8221; theme_builder_area=&#8221;post_content&#8221;][\/et_pb_heading][et_pb_heading title=&#8221;Bek\u00e4mpfen Sie Schmerzen an ihrer Quelle \u2013 f\u00fcr eine schmerzfreie Zukunft. &#8221; _builder_version=&#8221;4.27.5&#8243; _module_preset=&#8221;default&#8221; title_level=&#8221;h2&#8243; custom_margin=&#8221;4px||-4px|||&#8221; global_colors_info=&#8221;{}&#8221; theme_builder_area=&#8221;post_content&#8221;][\/et_pb_heading][et_pb_text _builder_version=&#8221;4.27.5&#8243; _module_preset=&#8221;default&#8221; text_font=&#8221;&#8211;et_global_body_font||||||||&#8221; text_font_size=&#8221;18px&#8221; text_line_height=&#8221;1.9em&#8221; global_colors_info=&#8221;{}&#8221; theme_builder_area=&#8221;post_content&#8221;]<\/p>\n<p>Investitionsm\u00f6glichkeit f\u00fcr strategische Partner und Risikokapitalgeber. Effektive Linderung peripherer Schmerzen ohne die \u00fcblichen Nebenwirkungen \u2013 keine Verstopfung und keine Suchtprobleme \u2013 dank einer neuartigen, auf Nanotechnologie basierenden Opioid-Alternative. Kein Patient sollte sich zwischen Sedierung und Schmerzen entscheiden m\u00fcssen.<\/p>\n<p>[\/et_pb_text][\/et_pb_column][\/et_pb_row][et_pb_row _builder_version=&#8221;4.27.5&#8243; _module_preset=&#8221;default&#8221; global_colors_info=&#8221;{}&#8221; theme_builder_area=&#8221;post_content&#8221;][et_pb_column type=&#8221;4_4&#8243; _builder_version=&#8221;4.27.5&#8243; _module_preset=&#8221;default&#8221; global_colors_info=&#8221;{}&#8221; theme_builder_area=&#8221;post_content&#8221;][et_pb_image src=&#8221;https:\/\/www.dendropharm.de\/wp-content\/uploads\/Dendropharm_Human_medicine_pipeline.png&#8221; title_text=&#8221;Dendropharm_Human_medicine_pipeline&#8221; _builder_version=&#8221;4.27.5&#8243; _module_preset=&#8221;default&#8221; global_colors_info=&#8221;{}&#8221; theme_builder_area=&#8221;post_content&#8221;][\/et_pb_image][\/et_pb_column][\/et_pb_row][et_pb_row _builder_version=&#8221;4.27.5&#8243; _module_preset=&#8221;default&#8221; global_colors_info=&#8221;{}&#8221; theme_builder_area=&#8221;post_content&#8221;][et_pb_column type=&#8221;4_4&#8243; _builder_version=&#8221;4.27.5&#8243; _module_preset=&#8221;default&#8221; global_colors_info=&#8221;{}&#8221; theme_builder_area=&#8221;post_content&#8221;][et_pb_text _builder_version=&#8221;4.27.5&#8243; _module_preset=&#8221;default&#8221; text_font=&#8221;&#8211;et_global_body_font||||||||&#8221; text_font_size=&#8221;18px&#8221; text_line_height=&#8221;1.9em&#8221; global_colors_info=&#8221;{}&#8221; theme_builder_area=&#8221;post_content&#8221;]<\/p>\n<p><a href=\"https:\/\/www.fundernation.eu\/investments\/dendropharm?mtm_kwd=ff\" target=\"_blank\" rel=\"noopener\" title=\"Crowdinvesting Partner FunderNation ab 100 \u20ac\">F\u00fcr Privatanleger ist es m\u00f6glich \u00fcber unseren Crowdinvesting Partner FunderNation ab 100 \u20ac zu investieren.<\/a><\/p>\n<p>[\/et_pb_text][et_pb_text _builder_version=&#8221;4.27.5&#8243; _module_preset=&#8221;default&#8221; text_font=&#8221;&#8211;et_global_body_font||||||||&#8221; text_font_size=&#8221;18px&#8221; text_line_height=&#8221;1.9em&#8221; global_colors_info=&#8221;{}&#8221; theme_builder_area=&#8221;post_content&#8221;]<\/p>\n<p>Warnhinweis gem\u00e4\u00df <a href=\"https:\/\/www.dendropharm.de\/wp-content\/uploads\/VermAnlG_DendroPharm_GmbH_VIB_03112025.pdf\" rel=\"attachment wp-att-169\">Verm\u00f6gensanlagen-Informationsblatt (VIB)<\/a> gem. \u00a7\u00a7 2a, 13 VermAnlG: Der Erwerb dieser Verm\u00f6gensanlage ist mit erheblichen Risiken verbunden und kann zum vollst\u00e4ndigen Verlust des eingesetzten Verm\u00f6gens f\u00fchren<br \/>F\u00fcr Investitionen \u00fcber Funder Nation beachten Sie bitte das Verm\u00f6gensanlagen-Informationsblatt (VIB).<\/p>\n<p>[\/et_pb_text][et_pb_heading title=&#8221;Investitionsm\u00f6glichkeit f\u00fcr strategische Partner und Risikokapitalgeber sowie Business Angels.&#8221; _builder_version=&#8221;4.27.5&#8243; _module_preset=&#8221;default&#8221; title_level=&#8221;h2&#8243; global_colors_info=&#8221;{}&#8221; theme_builder_area=&#8221;post_content&#8221;][\/et_pb_heading][et_pb_text _builder_version=&#8221;4.27.5&#8243; _module_preset=&#8221;default&#8221; text_font=&#8221;&#8211;et_global_body_font||||||||&#8221; text_font_size=&#8221;18px&#8221; text_line_height=&#8221;1.9em&#8221; global_colors_info=&#8221;{}&#8221; theme_builder_area=&#8221;post_content&#8221;]<\/p>\n<p>Dendropharm bietet sowohl die Lizensierunge einer Platformtechnologie mit der Wirkstoffe gezielt in entz\u00fcndetes oder Tumorgewebe eingebracht werden kann, als auch die M\u00f6glichkeit sich direkt am Unternehmen zu beteiligen. Unsere NanoOpiat Technologie erm\u00f6glicht die effektive Linderung starker Schmerzen ohne die \u00fcblichen zentrale Nebenwirkungen von Opiaten \u2013 keine Verstopfung und keine Suchtprobleme. Unsere auf Nanotechnologie basierenden Opioid-Alternative adressiert sowohl chronische als auch akute post-operative Schmerzen. Unsere Vision: Kein Patient sollte sich zwischen Sedierung und Schmerzen entscheiden m\u00fcssen.<\/p>\n<p>[\/et_pb_text][\/et_pb_column][\/et_pb_row][et_pb_row _builder_version=&#8221;4.27.5&#8243; _module_preset=&#8221;default&#8221; global_colors_info=&#8221;{}&#8221; theme_builder_area=&#8221;post_content&#8221;][et_pb_column type=&#8221;4_4&#8243; _builder_version=&#8221;4.27.5&#8243; _module_preset=&#8221;default&#8221; global_colors_info=&#8221;{}&#8221; theme_builder_area=&#8221;post_content&#8221;][et_pb_image src=&#8221;https:\/\/www.dendropharm.de\/wp-content\/uploads\/Investoren_Grafik.jpg&#8221; title_text=&#8221;Investoren_Grafik&#8221; _builder_version=&#8221;4.27.5&#8243; _module_preset=&#8221;default&#8221; global_colors_info=&#8221;{}&#8221; theme_builder_area=&#8221;post_content&#8221;][\/et_pb_image][et_pb_text _builder_version=&#8221;4.27.5&#8243; _module_preset=&#8221;default&#8221; text_font=&#8221;&#8211;et_global_body_font||||||||&#8221; text_font_size=&#8221;18px&#8221; text_line_height=&#8221;1.9em&#8221; global_colors_info=&#8221;{}&#8221; theme_builder_area=&#8221;post_content&#8221;]<\/p>\n<p><strong><em>Business Angels, die an einer gr\u00f6\u00dferen Investion ab 25.000 \u20ac interessiert sind, bitten wir um direkte Kontaktaufnahme. Bitte nutzen Sie unser <a href=\"\/kontakt\" title=\"Kontakt\">Kontaktformular<\/a>.<\/em><\/strong><\/p>\n<p>[\/et_pb_text][\/et_pb_column][\/et_pb_row][\/et_pb_section]<\/p>\n","protected":false},"excerpt":{"rendered":"<p>Investieren Sie jetzt ab 100 \u20ac!Investitionsm\u00f6glichkeit f\u00fcr strategische Partner und Risikokapitalgeber. Effektive Linderung peripherer Schmerzen ohne die \u00fcblichen Nebenwirkungen \u2013 keine Verstopfung und keine Suchtprobleme \u2013 dank einer neuartigen, auf Nanotechnologie basierenden Opioid-Alternative. Kein Patient sollte sich zwischen Sedierung und Schmerzen entscheiden m\u00fcssen.F\u00fcr Privatanleger ist es m\u00f6glich \u00fcber unseren Crowdinvesting Partner FunderNation ab 100 \u20ac zu investieren.Warnhinweis gem\u00e4\u00df Verm\u00f6gensanlagen-Informationsblatt (VIB) gem. \u00a7\u00a7 2a, 13 VermAnlG: Der Erwerb dieser Verm\u00f6gensanlage ist mit erheblichen Risiken verbunden und kann zum vollst\u00e4ndigen Verlust des eingesetzten Verm\u00f6gens f\u00fchrenF\u00fcr Investitionen \u00fcber Funder Nation beachten Sie bitte das Verm\u00f6gensanlagen-Informationsblatt (VIB).Dendropharm bietet sowohl die Lizensierunge einer Platformtechnologie mit der Wirkstoffe gezielt in entz\u00fcndetes oder Tumorgewebe eingebracht werden kann, als auch die M\u00f6glichkeit sich direkt am Unternehmen zu beteiligen. Unsere NanoOpiat Technologie erm\u00f6glicht die effektive Linderung starker Schmerzen ohne die \u00fcblichen zentrale Nebenwirkungen von Opiaten \u2013 keine Verstopfung und keine Suchtprobleme. Unsere auf Nanotechnologie basierenden Opioid-Alternative adressiert sowohl chronische als auch akute post-operative Schmerzen. Unsere Vision: Kein Patient sollte sich zwischen Sedierung und Schmerzen entscheiden m\u00fcssen.Business Angels, die an einer gr\u00f6\u00dferen Investion ab 25.000 \u20ac interessiert sind, bitten wir um direkte Kontaktaufnahme. Bitte nutzen Sie unser Kontaktformular.<\/p>\n","protected":false},"author":1,"featured_media":0,"parent":0,"menu_order":0,"comment_status":"closed","ping_status":"closed","template":"","meta":{"_et_pb_use_builder":"on","_et_pb_old_content":"","_et_gb_content_width":"","footnotes":""},"class_list":["post-500","page","type-page","status-publish","hentry"],"_links":{"self":[{"href":"https:\/\/www.dendropharm.de\/en\/wp-json\/wp\/v2\/pages\/500","targetHints":{"allow":["GET"]}}],"collection":[{"href":"https:\/\/www.dendropharm.de\/en\/wp-json\/wp\/v2\/pages"}],"about":[{"href":"https:\/\/www.dendropharm.de\/en\/wp-json\/wp\/v2\/types\/page"}],"author":[{"embeddable":true,"href":"https:\/\/www.dendropharm.de\/en\/wp-json\/wp\/v2\/users\/1"}],"replies":[{"embeddable":true,"href":"https:\/\/www.dendropharm.de\/en\/wp-json\/wp\/v2\/comments?post=500"}],"version-history":[{"count":20,"href":"https:\/\/www.dendropharm.de\/en\/wp-json\/wp\/v2\/pages\/500\/revisions"}],"predecessor-version":[{"id":577,"href":"https:\/\/www.dendropharm.de\/en\/wp-json\/wp\/v2\/pages\/500\/revisions\/577"}],"wp:attachment":[{"href":"https:\/\/www.dendropharm.de\/en\/wp-json\/wp\/v2\/media?parent=500"}],"curies":[{"name":"wp","href":"https:\/\/api.w.org\/{rel}","templated":true}]}}