{"id":347,"date":"2026-01-19T13:35:05","date_gmt":"2026-01-19T12:35:05","guid":{"rendered":"https:\/\/dendropharm.develop-stage.de\/?page_id=347"},"modified":"2026-04-01T08:58:24","modified_gmt":"2026-04-01T06:58:24","slug":"esg-2","status":"publish","type":"page","link":"https:\/\/www.dendropharm.de\/en\/esg-2\/","title":{"rendered":"ESG"},"content":{"rendered":"<p>[et_pb_section fb_built=&#8221;1&#8243; fullwidth=&#8221;on&#8221; _builder_version=&#8221;4.27.5&#8243; _module_preset=&#8221;default&#8221; global_colors_info=&#8221;{}&#8221; theme_builder_area=&#8221;post_content&#8221;][et_pb_fullwidth_image src=&#8221;https:\/\/www.dendropharm.de\/wp-content\/uploads\/LaborPipette.png&#8221; title_text=&#8221;LaborPipette&#8221; _builder_version=&#8221;4.27.6&#8243; _module_preset=&#8221;default&#8221; hover_enabled=&#8221;0&#8243; global_colors_info=&#8221;{}&#8221; theme_builder_area=&#8221;post_content&#8221; sticky_enabled=&#8221;0&#8243;][\/et_pb_fullwidth_image][\/et_pb_section][et_pb_section fb_built=&#8221;1&#8243; _builder_version=&#8221;4.27.5&#8243; _module_preset=&#8221;default&#8221; custom_padding=&#8221;||3px|||&#8221; global_colors_info=&#8221;{}&#8221; theme_builder_area=&#8221;post_content&#8221;][et_pb_row _builder_version=&#8221;4.27.5&#8243; _module_preset=&#8221;default&#8221; global_colors_info=&#8221;{}&#8221; theme_builder_area=&#8221;post_content&#8221;][et_pb_column type=&#8221;4_4&#8243; _builder_version=&#8221;4.27.5&#8243; _module_preset=&#8221;default&#8221; global_colors_info=&#8221;{}&#8221; theme_builder_area=&#8221;post_content&#8221;][et_pb_heading title=&#8221;@ET-DC@eyJkeW5hbWljIjp0cnVlLCJjb250ZW50IjoicG9zdF90aXRsZSIsInNldHRpbmdzIjp7ImJlZm9yZSI6IiIsImFmdGVyIjoiIn19@&#8221; _builder_version=&#8221;4.27.5&#8243; _dynamic_attributes=&#8221;title&#8221; _module_preset=&#8221;default&#8221; global_colors_info=&#8221;{}&#8221; theme_builder_area=&#8221;post_content&#8221;][\/et_pb_heading][\/et_pb_column][\/et_pb_row][\/et_pb_section][et_pb_section fb_built=&#8221;1&#8243; _builder_version=&#8221;4.27.5&#8243; _module_preset=&#8221;default&#8221; custom_padding=&#8221;3px||33px|||&#8221; global_colors_info=&#8221;{}&#8221; theme_builder_area=&#8221;post_content&#8221;][et_pb_row _builder_version=&#8221;4.27.5&#8243; _module_preset=&#8221;default&#8221; global_colors_info=&#8221;{}&#8221; theme_builder_area=&#8221;post_content&#8221;][et_pb_column type=&#8221;4_4&#8243; _builder_version=&#8221;4.27.5&#8243; _module_preset=&#8221;default&#8221; global_colors_info=&#8221;{}&#8221; theme_builder_area=&#8221;post_content&#8221;][et_pb_heading title=&#8221;Innovation lebt vom vertrauensvollem Austausch und Miteinander&#8221; _builder_version=&#8221;4.27.5&#8243; _module_preset=&#8221;default&#8221; title_level=&#8221;h2&#8243; custom_margin=&#8221;||-4px|||&#8221; global_colors_info=&#8221;{}&#8221; theme_builder_area=&#8221;post_content&#8221;][\/et_pb_heading][\/et_pb_column][\/et_pb_row][et_pb_row _builder_version=&#8221;4.27.5&#8243; _module_preset=&#8221;default&#8221; custom_margin=&#8221;-2px|auto||auto||&#8221; custom_padding=&#8221;6px||6px|||&#8221; global_colors_info=&#8221;{}&#8221; theme_builder_area=&#8221;post_content&#8221;][et_pb_column type=&#8221;4_4&#8243; _builder_version=&#8221;4.27.5&#8243; _module_preset=&#8221;default&#8221; global_colors_info=&#8221;{}&#8221; theme_builder_area=&#8221;post_content&#8221;][et_pb_text _builder_version=&#8221;4.27.5&#8243; _module_preset=&#8221;default&#8221; text_font=&#8221;&#8211;et_global_body_font||||||||&#8221; text_font_size=&#8221;18px&#8221; text_line_height=&#8221;1.9em&#8221; global_colors_info=&#8221;{}&#8221; theme_builder_area=&#8221;post_content&#8221;]<\/p>\n<p>Alle Kunden, Kooperationspartner und Mitarbeitenden sollen sich wohlf\u00fchlen \u2013 unabh\u00e4ngig von Ausbildungsstand, Alter, geschlechtlicher Identit\u00e4t, sexueller Orientierung, k\u00f6rperlichen und geistigen F\u00e4higkeiten, sozialer Herkunft, Nationalit\u00e4t, Glauben und Weltanschauung.<\/p>\n<p>[\/et_pb_text][et_pb_text _builder_version=&#8221;4.27.6&#8243; _module_preset=&#8221;default&#8221; text_font=&#8221;&#8211;et_global_body_font||||||||&#8221; text_font_size=&#8221;18px&#8221; text_line_height=&#8221;1.9em&#8221; content_en_us=&#8221;<\/p>\n<p>Dendropharm is an equal opportunity employer. Our ESG status has been evaluated in conjunction with Creditreform.<\/p>\n<p>We support the 17 Global Goals and are part of the support network for the Global Goals Berlin initiative. With our project %22Pain therapy without the risk of addiction%22, we are committed to a future worth living. Our business activities focus in particular on the following four Global Goals:<\/p>\n<p>&#8221; global_colors_info=&#8221;{}&#8221; theme_builder_area=&#8221;post_content&#8221;]<\/p>\n<p>Dendropharm ist ein equal opportunity employer. Unser ESG Status wurde in Zusammenhang mit der Creditreform evaluiert.\u00a0<\/p>\n<p>Wir unterst\u00fczen die 17 Global Goals und sind Teil des Unterst\u00fctzernetzwerks der Initiative Global Goals Berlin. Mit dem Projekt \u201ePain therapy without the risk of addiction\u201c stehen wir f\u00fcr eine lebenswerte Zukunft. Insbesondere folgende 4 Global Goals stehen im Fokus unserer unternehmerischen T\u00e4tigkeit:<\/p>\n<p>[\/et_pb_text][\/et_pb_column][\/et_pb_row][et_pb_row column_structure=&#8221;1_4,3_4&#8243; _builder_version=&#8221;4.27.5&#8243; _module_preset=&#8221;default&#8221; global_colors_info=&#8221;{}&#8221; theme_builder_area=&#8221;post_content&#8221;][et_pb_column type=&#8221;1_4&#8243; _builder_version=&#8221;4.27.5&#8243; _module_preset=&#8221;default&#8221; global_colors_info=&#8221;{}&#8221; theme_builder_area=&#8221;post_content&#8221;][et_pb_image src=&#8221;https:\/\/www.dendropharm.de\/wp-content\/uploads\/sdg3.svg&#8221; title_text=&#8221;sdg3&#8243; _builder_version=&#8221;4.27.5&#8243; _module_preset=&#8221;default&#8221; custom_margin=&#8221;|0px||||&#8221; global_colors_info=&#8221;{}&#8221; theme_builder_area=&#8221;post_content&#8221;][\/et_pb_image][\/et_pb_column][et_pb_column type=&#8221;3_4&#8243; _builder_version=&#8221;4.27.5&#8243; _module_preset=&#8221;default&#8221; global_colors_info=&#8221;{}&#8221; theme_builder_area=&#8221;post_content&#8221;][et_pb_text _builder_version=&#8221;4.27.5&#8243; _module_preset=&#8221;default&#8221; text_font=&#8221;&#8211;et_global_body_font||||||||&#8221; text_font_size=&#8221;18px&#8221; text_line_height=&#8221;1.9em&#8221; custom_margin=&#8221;|||1px||&#8221; global_colors_info=&#8221;{}&#8221; theme_builder_area=&#8221;post_content&#8221;]<\/p>\n<h1>Ziel 3:<\/h1>\n<p>Ein gesun\u00addes Leben f\u00fcr alle Men\u00adschen jeden Alters gew\u00e4hr\u00adleis\u00adten und ihr Wohl\u00ader\u00adge\u00adhen f\u00f6r\u00addern. Durch die Entwicklung nicht-suchterzeugender Opiate und generell die Reduzierung von Nebenwirkungen ist unsere Forschung und Entwicklung eng mit diesem Nachaltigkeitsziel verbunden.<\/p>\n<p>[\/et_pb_text][\/et_pb_column][\/et_pb_row][et_pb_row column_structure=&#8221;1_4,3_4&#8243; _builder_version=&#8221;4.27.5&#8243; _module_preset=&#8221;default&#8221; global_colors_info=&#8221;{}&#8221; theme_builder_area=&#8221;post_content&#8221;][et_pb_column type=&#8221;1_4&#8243; _builder_version=&#8221;4.27.5&#8243; _module_preset=&#8221;default&#8221; global_colors_info=&#8221;{}&#8221; theme_builder_area=&#8221;post_content&#8221;][et_pb_image src=&#8221;https:\/\/www.dendropharm.de\/wp-content\/uploads\/sdg9.svg&#8221; title_text=&#8221;sdg9&#8243; _builder_version=&#8221;4.27.5&#8243; _module_preset=&#8221;default&#8221; custom_margin=&#8221;|0px||||&#8221; global_colors_info=&#8221;{}&#8221; theme_builder_area=&#8221;post_content&#8221;][\/et_pb_image][\/et_pb_column][et_pb_column type=&#8221;3_4&#8243; _builder_version=&#8221;4.27.5&#8243; _module_preset=&#8221;default&#8221; global_colors_info=&#8221;{}&#8221; theme_builder_area=&#8221;post_content&#8221;][et_pb_text _builder_version=&#8221;4.27.5&#8243; _module_preset=&#8221;default&#8221; text_font=&#8221;&#8211;et_global_body_font||||||||&#8221; text_font_size=&#8221;18px&#8221; text_line_height=&#8221;1.9em&#8221; custom_margin=&#8221;|||1px||&#8221; global_colors_info=&#8221;{}&#8221; theme_builder_area=&#8221;post_content&#8221;]<\/p>\n<h1>Ziel 9:<\/h1>\n<p>Wider\u00adstands\u00adf\u00e4\u00adhige Infra\u00adstruk\u00adtur auf\u00adbauen, brei\u00adten\u00adwirk\u00adsame und nach\u00adhal\u00adtige Indu\u00adstri\u00adali\u00adsie\u00adrung f\u00f6r\u00addern und Inno\u00advati\u00ado\u00adnen unter\u00adst\u00fct\u00adzen. Durch Kooperationen mit Forschungsinstitutionen tragen wird zum Technologietrasfert bei. Weiterhin bieten wir f\u00fcr junge Wissenschaftler Master- und Bachelostellen sowie in Koopertion auch Promotionsstellen an. Unsere Produktion vor Ort in Berlin tr\u00e4gt dazu bei regional auch Arzneimittel zu erzeugen, um resilient bei Krisen zu sein.<\/p>\n<p>[\/et_pb_text][\/et_pb_column][\/et_pb_row][et_pb_row column_structure=&#8221;1_4,3_4&#8243; _builder_version=&#8221;4.27.5&#8243; _module_preset=&#8221;default&#8221; global_colors_info=&#8221;{}&#8221; theme_builder_area=&#8221;post_content&#8221;][et_pb_column type=&#8221;1_4&#8243; _builder_version=&#8221;4.27.5&#8243; _module_preset=&#8221;default&#8221; global_colors_info=&#8221;{}&#8221; theme_builder_area=&#8221;post_content&#8221;][et_pb_image src=&#8221;https:\/\/www.dendropharm.de\/wp-content\/uploads\/sdg12.svg&#8221; title_text=&#8221;sdg12&#8243; _builder_version=&#8221;4.27.5&#8243; _module_preset=&#8221;default&#8221; custom_margin=&#8221;|0px||||&#8221; global_colors_info=&#8221;{}&#8221; theme_builder_area=&#8221;post_content&#8221;][\/et_pb_image][\/et_pb_column][et_pb_column type=&#8221;3_4&#8243; _builder_version=&#8221;4.27.5&#8243; _module_preset=&#8221;default&#8221; global_colors_info=&#8221;{}&#8221; theme_builder_area=&#8221;post_content&#8221;][et_pb_text _builder_version=&#8221;4.27.5&#8243; _module_preset=&#8221;default&#8221; text_font=&#8221;&#8211;et_global_body_font||||||||&#8221; text_font_size=&#8221;18px&#8221; text_line_height=&#8221;1.9em&#8221; custom_margin=&#8221;|||1px||&#8221; global_colors_info=&#8221;{}&#8221; theme_builder_area=&#8221;post_content&#8221;]<\/p>\n<h1>Ziel 12:<\/h1>\n<p>Nachhaltiger Konsum und Produktion: Durch unsere innovative Nanocarrierproduktion werden Rohstoffe &#8211; sprich Wirkstoffe &#8211; signifikant reduziert. Dies tr\u00e4gt zur Einsparung von Recourcen bei. Vor Ort reduzieren wir unseren CO2 Eintrag durch eine m\u00f6glichst energiesparende Produktion.<\/p>\n<p>[\/et_pb_text][\/et_pb_column][\/et_pb_row][et_pb_row column_structure=&#8221;1_4,3_4&#8243; _builder_version=&#8221;4.27.5&#8243; _module_preset=&#8221;default&#8221; global_colors_info=&#8221;{}&#8221; theme_builder_area=&#8221;post_content&#8221;][et_pb_column type=&#8221;1_4&#8243; _builder_version=&#8221;4.27.5&#8243; _module_preset=&#8221;default&#8221; global_colors_info=&#8221;{}&#8221; theme_builder_area=&#8221;post_content&#8221;][et_pb_image src=&#8221;https:\/\/www.dendropharm.de\/wp-content\/uploads\/sdg17.svg&#8221; title_text=&#8221;sdg17&#8243; _builder_version=&#8221;4.27.5&#8243; _module_preset=&#8221;default&#8221; custom_margin=&#8221;|0px||||&#8221; global_colors_info=&#8221;{}&#8221; theme_builder_area=&#8221;post_content&#8221;][\/et_pb_image][\/et_pb_column][et_pb_column type=&#8221;3_4&#8243; _builder_version=&#8221;4.27.5&#8243; _module_preset=&#8221;default&#8221; global_colors_info=&#8221;{}&#8221; theme_builder_area=&#8221;post_content&#8221;][et_pb_text _builder_version=&#8221;4.27.5&#8243; _module_preset=&#8221;default&#8221; text_font=&#8221;&#8211;et_global_body_font||||||||&#8221; text_font_size=&#8221;18px&#8221; text_line_height=&#8221;1.9em&#8221; custom_margin=&#8221;|||1px||&#8221; global_colors_info=&#8221;{}&#8221; theme_builder_area=&#8221;post_content&#8221;]<\/p>\n<h1>Ziel 17:<\/h1>\n<p>Partnerschaften zur Erreichung der Ziel: Dendropharm kooperiert mit Partnern aus Forschung- und Wissenschaft. Wir sind dabei offen auch f\u00fcr Partnerschaften mit Akteuren aus strukturschwachen Regionen. Konkret ist Dendropharm seit der Gr\u00fcndung an 7 mehrj\u00e4hrigen Forschungskooperationsprojekten (ZIM, Pro<em>fit<\/em>, BMBF) beteiligt gewesen und kooperiert eng mit Forschungsgruppen aus der Veterin\u00e4r- und Humanmedizin, der Chemie und der pharmazeutischen Technologie und kleinen und mittelst\u00e4ndischen Unternehmen. Partner sind u.a. die Fraunhofer Gesellschaft, die Freie Universit\u00e4t Berlin, die TU Berlin, die BHT .<\/p>\n<p>[\/et_pb_text][\/et_pb_column][\/et_pb_row][et_pb_row column_structure=&#8221;1_4,3_4&#8243; _builder_version=&#8221;4.27.5&#8243; _module_preset=&#8221;default&#8221; global_colors_info=&#8221;{}&#8221; theme_builder_area=&#8221;post_content&#8221;][et_pb_column type=&#8221;1_4&#8243; _builder_version=&#8221;4.27.5&#8243; _module_preset=&#8221;default&#8221; global_colors_info=&#8221;{}&#8221; theme_builder_area=&#8221;post_content&#8221;][\/et_pb_column][et_pb_column type=&#8221;3_4&#8243; _builder_version=&#8221;4.27.5&#8243; _module_preset=&#8221;default&#8221; global_colors_info=&#8221;{}&#8221; theme_builder_area=&#8221;post_content&#8221;][et_pb_text _builder_version=&#8221;4.27.5&#8243; _module_preset=&#8221;default&#8221; text_font=&#8221;&#8211;et_global_body_font||||||||&#8221; text_font_size=&#8221;18px&#8221; text_line_height=&#8221;1.9em&#8221; custom_margin=&#8221;|||1px||&#8221; global_colors_info=&#8221;{}&#8221; theme_builder_area=&#8221;post_content&#8221;]<\/p>\n<p><a href=\"https:\/\/globalgoalsberlin.de\/projekt_ggb\/dendropharm-schmerztherapie-ohne-suchtgefahr\/\" target=\"_blank\" rel=\"noopener\" title=\"globalgoalsberlin.de\">Dendropharm &#8211; Pain therapy without the risk of addiction &#8211; Global Goals for Berlin<\/a><\/p>\n<p>[\/et_pb_text][et_pb_image src=&#8221;https:\/\/www.dendropharm.de\/wp-content\/uploads\/image001.png&#8221; title_text=&#8221;image001&#8243; url=&#8221;@ET-DC@eyJkeW5hbWljIjp0cnVlLCJjb250ZW50IjoicG9zdF9saW5rX3VybF9hdHRhY2htZW50Iiwic2V0dGluZ3MiOnsicG9zdF9pZCI6IjM3OCJ9fQ==@&#8221; url_new_window=&#8221;on&#8221; _builder_version=&#8221;4.27.5&#8243; _dynamic_attributes=&#8221;url&#8221; _module_preset=&#8221;default&#8221; global_colors_info=&#8221;{}&#8221; theme_builder_area=&#8221;post_content&#8221;][\/et_pb_image][et_pb_text _builder_version=&#8221;4.27.5&#8243; _dynamic_attributes=&#8221;link_option_url&#8221; _module_preset=&#8221;default&#8221; text_font=&#8221;&#8211;et_global_body_font||||||||&#8221; text_font_size=&#8221;18px&#8221; text_line_height=&#8221;1.9em&#8221; custom_margin=&#8221;|||1px||&#8221; link_option_url=&#8221;@ET-DC@eyJkeW5hbWljIjp0cnVlLCJjb250ZW50IjoicG9zdF9saW5rX3VybF9hdHRhY2htZW50Iiwic2V0dGluZ3MiOnsicG9zdF9pZCI6IjM3OCJ9fQ==@&#8221; link_option_url_new_window=&#8221;on&#8221; global_colors_info=&#8221;{}&#8221; theme_builder_area=&#8221;post_content&#8221;]<\/p>\n<p style=\"text-align: left;\">Creditreform PDF zum Download<\/p>\n<p>[\/et_pb_text][et_pb_text _builder_version=&#8221;4.27.5&#8243; _module_preset=&#8221;default&#8221; text_font=&#8221;&#8211;et_global_body_font||||||||&#8221; text_font_size=&#8221;18px&#8221; text_line_height=&#8221;1.9em&#8221; global_colors_info=&#8221;{}&#8221; theme_builder_area=&#8221;post_content&#8221;]<\/p>\n<p style=\"text-align: center;\"><a href=\"https:\/\/globalgoalsberlin.de\/projekt_ggb\/dendropharm-schmerztherapie-ohne-suchtgefahr\/\" target=\"_blank\" rel=\"noopener\" title=\"globalgoalsberlin.de\"><\/a><\/p>\n<p>[\/et_pb_text][\/et_pb_column][\/et_pb_row][\/et_pb_section]<\/p>\n","protected":false},"excerpt":{"rendered":"<p>Alle Kunden, Kooperationspartner und Mitarbeitenden sollen sich wohlf\u00fchlen \u2013 unabh\u00e4ngig von Ausbildungsstand, Alter, geschlechtlicher Identit\u00e4t, sexueller Orientierung, k\u00f6rperlichen und geistigen F\u00e4higkeiten, sozialer Herkunft, Nationalit\u00e4t, Glauben und Weltanschauung.Dendropharm ist ein equal opportunity employer. Unser ESG Status wurde in Zusammenhang mit der Creditreform evaluiert.\u00a0 Wir unterst\u00fczen die 17 Global Goals und sind Teil des Unterst\u00fctzernetzwerks der Initiative Global Goals Berlin. Mit dem Projekt \u201ePain therapy without the risk of addiction\u201c stehen wir f\u00fcr eine lebenswerte Zukunft. Insbesondere folgende 4 Global Goals stehen im Fokus unserer unternehmerischen T\u00e4tigkeit:Ziel 3: Ein gesun\u00addes Leben f\u00fcr alle Men\u00adschen jeden Alters gew\u00e4hr\u00adleis\u00adten und ihr Wohl\u00ader\u00adge\u00adhen f\u00f6r\u00addern. Durch die Entwicklung nicht-suchterzeugender Opiate und generell die Reduzierung von Nebenwirkungen ist unsere Forschung und Entwicklung eng mit diesem Nachaltigkeitsziel verbunden.Ziel 9: Wider\u00adstands\u00adf\u00e4\u00adhige Infra\u00adstruk\u00adtur auf\u00adbauen, brei\u00adten\u00adwirk\u00adsame und nach\u00adhal\u00adtige Indu\u00adstri\u00adali\u00adsie\u00adrung f\u00f6r\u00addern und Inno\u00advati\u00ado\u00adnen unter\u00adst\u00fct\u00adzen. Durch Kooperationen mit Forschungsinstitutionen tragen wird zum Technologietrasfert bei. Weiterhin bieten wir f\u00fcr junge Wissenschaftler Master- und Bachelostellen sowie in Koopertion auch Promotionsstellen an. Unsere Produktion vor Ort in Berlin tr\u00e4gt dazu bei regional auch Arzneimittel zu erzeugen, um resilient bei Krisen zu sein.Ziel 12: Nachhaltiger Konsum und Produktion: Durch unsere innovative Nanocarrierproduktion werden Rohstoffe &#8211; sprich Wirkstoffe &#8211; signifikant reduziert. Dies tr\u00e4gt zur Einsparung von Recourcen bei. [&hellip;]<\/p>\n","protected":false},"author":1,"featured_media":0,"parent":0,"menu_order":0,"comment_status":"closed","ping_status":"closed","template":"","meta":{"_et_pb_use_builder":"on","_et_pb_old_content":"","_et_gb_content_width":"","footnotes":""},"class_list":["post-347","page","type-page","status-publish","hentry"],"_links":{"self":[{"href":"https:\/\/www.dendropharm.de\/en\/wp-json\/wp\/v2\/pages\/347","targetHints":{"allow":["GET"]}}],"collection":[{"href":"https:\/\/www.dendropharm.de\/en\/wp-json\/wp\/v2\/pages"}],"about":[{"href":"https:\/\/www.dendropharm.de\/en\/wp-json\/wp\/v2\/types\/page"}],"author":[{"embeddable":true,"href":"https:\/\/www.dendropharm.de\/en\/wp-json\/wp\/v2\/users\/1"}],"replies":[{"embeddable":true,"href":"https:\/\/www.dendropharm.de\/en\/wp-json\/wp\/v2\/comments?post=347"}],"version-history":[{"count":23,"href":"https:\/\/www.dendropharm.de\/en\/wp-json\/wp\/v2\/pages\/347\/revisions"}],"predecessor-version":[{"id":644,"href":"https:\/\/www.dendropharm.de\/en\/wp-json\/wp\/v2\/pages\/347\/revisions\/644"}],"wp:attachment":[{"href":"https:\/\/www.dendropharm.de\/en\/wp-json\/wp\/v2\/media?parent=347"}],"curies":[{"name":"wp","href":"https:\/\/api.w.org\/{rel}","templated":true}]}}