{"id":253,"date":"2026-01-19T13:35:05","date_gmt":"2026-01-19T12:35:05","guid":{"rendered":"https:\/\/dendropharm.develop-stage.de\/?page_id=253"},"modified":"2026-01-20T13:51:45","modified_gmt":"2026-01-20T12:51:45","slug":"faq","status":"publish","type":"page","link":"https:\/\/www.dendropharm.de\/en\/faq\/","title":{"rendered":"FAQ"},"content":{"rendered":"<p>[et_pb_section fb_built=&#8221;1&#8243; _builder_version=&#8221;4.27.5&#8243; _module_preset=&#8221;default&#8221; custom_padding=&#8221;||3px|||&#8221; global_colors_info=&#8221;{}&#8221; theme_builder_area=&#8221;post_content&#8221;][et_pb_row _builder_version=&#8221;4.27.5&#8243; _module_preset=&#8221;default&#8221; global_colors_info=&#8221;{}&#8221; theme_builder_area=&#8221;post_content&#8221;][et_pb_column type=&#8221;4_4&#8243; _builder_version=&#8221;4.27.5&#8243; _module_preset=&#8221;default&#8221; global_colors_info=&#8221;{}&#8221; theme_builder_area=&#8221;post_content&#8221;][et_pb_heading title=&#8221;FAQ&#8221; _builder_version=&#8221;4.27.5&#8243; _module_preset=&#8221;default&#8221; custom_margin=&#8221;||-3px|||&#8221; global_colors_info=&#8221;{}&#8221; theme_builder_area=&#8221;post_content&#8221;][\/et_pb_heading][\/et_pb_column][\/et_pb_row][et_pb_row _builder_version=&#8221;4.27.5&#8243; _module_preset=&#8221;default&#8221; custom_padding=&#8221;5px|||||&#8221; global_colors_info=&#8221;{}&#8221; theme_builder_area=&#8221;post_content&#8221;][et_pb_column type=&#8221;4_4&#8243; _builder_version=&#8221;4.27.5&#8243; _module_preset=&#8221;default&#8221; global_colors_info=&#8221;{}&#8221; theme_builder_area=&#8221;post_content&#8221;][et_pb_accordion _builder_version=&#8221;4.27.5&#8243; _module_preset=&#8221;default&#8221; toggle_font=&#8221;|600|||||||&#8221; hover_enabled=&#8221;0&#8243; global_colors_info=&#8221;{}&#8221; theme_builder_area=&#8221;post_content&#8221; body_font_size=&#8221;18px&#8221; body_line_height=&#8221;1.9em&#8221; toggle_font_size=&#8221;18px&#8221; sticky_enabled=&#8221;0&#8243;][et_pb_accordion_item title=&#8221;Was ist ein CMS Nanocarrier(cluster)&#8221; open=&#8221;on&#8221; _builder_version=&#8221;4.27.5&#8243; _module_preset=&#8221;default&#8221; global_colors_info=&#8221;{}&#8221; theme_builder_area=&#8221;post_content&#8221;]<\/p>\n<p>Core multi-shell Carrier, wie DendroSol, bestehen aus einem polaren hochverzweigten Polyglycerin (hPG) Kern und mehreren apolaren\/lipophilen und polaren\/hydrophilen Schalen. Die \u00e4u\u00dferste polyethylenglycolbasierte (MPEG) Schale sorgt f\u00fcr die hohe Wasserl\u00f6slichkeit der Nanopartikel, in der inneren aliphatischen, ergo apolaren Schale, k\u00f6nnen sich lipophile\/nicht-wasserl\u00f6sliche Wirkstoffe anlagern, aber auch polare Wirkstoffe k\u00f6nnen von den CMS-Carriern transportiert werden.\u00a0Die Carrier erh\u00f6hen somit die L\u00f6slichkeit von Wirkstoffen in w\u00e4ssrigen Medien und k\u00f6nnen diese an ihr Ziel bringen.<\/p>\n<p>Beispielsweise k\u00f6nnen Nanocarrier Cluster von 30-130 nm Gr\u00f6\u00dfe ausbilden. Diese akkumulieren aufgrund des EPR Effect (Enhanced penetration and retention) selektiv in Tumorgewebe wodurch Wirkstoffe gezielt an ihren Wirkort gebracht werden und dort z.B. durch die lokale pH-\u00c4nderung freigesetzt werden k\u00f6nnen.<\/p>\n<p>[\/et_pb_accordion_item][\/et_pb_accordion][\/et_pb_column][\/et_pb_row][\/et_pb_section]<\/p>\n","protected":false},"excerpt":{"rendered":"<p>Core multi-shell Carrier, wie DendroSol, bestehen aus einem polaren hochverzweigten Polyglycerin (hPG) Kern und mehreren apolaren\/lipophilen und polaren\/hydrophilen Schalen. Die \u00e4u\u00dferste polyethylenglycolbasierte (MPEG) Schale sorgt f\u00fcr die hohe Wasserl\u00f6slichkeit der Nanopartikel, in der inneren aliphatischen, ergo apolaren Schale, k\u00f6nnen sich lipophile\/nicht-wasserl\u00f6sliche Wirkstoffe anlagern, aber auch polare Wirkstoffe k\u00f6nnen von den CMS-Carriern transportiert werden.\u00a0Die Carrier erh\u00f6hen somit die L\u00f6slichkeit von Wirkstoffen in w\u00e4ssrigen Medien und k\u00f6nnen diese an ihr Ziel bringen. Beispielsweise k\u00f6nnen Nanocarrier Cluster von 30-130 nm Gr\u00f6\u00dfe ausbilden. Diese akkumulieren aufgrund des EPR Effect (Enhanced penetration and retention) selektiv in Tumorgewebe wodurch Wirkstoffe gezielt an ihren Wirkort gebracht werden und dort z.B. durch die lokale pH-\u00c4nderung freigesetzt werden k\u00f6nnen.<\/p>\n","protected":false},"author":1,"featured_media":0,"parent":0,"menu_order":0,"comment_status":"closed","ping_status":"closed","template":"","meta":{"_et_pb_use_builder":"on","_et_pb_old_content":"","_et_gb_content_width":"","footnotes":""},"class_list":["post-253","page","type-page","status-publish","hentry"],"_links":{"self":[{"href":"https:\/\/www.dendropharm.de\/en\/wp-json\/wp\/v2\/pages\/253","targetHints":{"allow":["GET"]}}],"collection":[{"href":"https:\/\/www.dendropharm.de\/en\/wp-json\/wp\/v2\/pages"}],"about":[{"href":"https:\/\/www.dendropharm.de\/en\/wp-json\/wp\/v2\/types\/page"}],"author":[{"embeddable":true,"href":"https:\/\/www.dendropharm.de\/en\/wp-json\/wp\/v2\/users\/1"}],"replies":[{"embeddable":true,"href":"https:\/\/www.dendropharm.de\/en\/wp-json\/wp\/v2\/comments?post=253"}],"version-history":[{"count":3,"href":"https:\/\/www.dendropharm.de\/en\/wp-json\/wp\/v2\/pages\/253\/revisions"}],"predecessor-version":[{"id":262,"href":"https:\/\/www.dendropharm.de\/en\/wp-json\/wp\/v2\/pages\/253\/revisions\/262"}],"wp:attachment":[{"href":"https:\/\/www.dendropharm.de\/en\/wp-json\/wp\/v2\/media?parent=253"}],"curies":[{"name":"wp","href":"https:\/\/api.w.org\/{rel}","templated":true}]}}