{"id":247,"date":"2026-01-19T13:35:05","date_gmt":"2026-01-19T12:35:05","guid":{"rendered":"https:\/\/dendropharm.develop-stage.de\/?page_id=247"},"modified":"2026-01-20T13:41:08","modified_gmt":"2026-01-20T12:41:08","slug":"datenschutz","status":"publish","type":"page","link":"https:\/\/www.dendropharm.de\/en\/privacy-policy\/","title":{"rendered":"Privacy Policy"},"content":{"rendered":"<p>[et_pb_section fb_built=&#8221;1&#8243; _builder_version=&#8221;4.27.5&#8243; _module_preset=&#8221;default&#8221; custom_padding=&#8221;||3px|||&#8221; global_colors_info=&#8221;{}&#8221; theme_builder_area=&#8221;post_content&#8221;][et_pb_row _builder_version=&#8221;4.27.5&#8243; _module_preset=&#8221;default&#8221; global_colors_info=&#8221;{}&#8221; theme_builder_area=&#8221;post_content&#8221;][et_pb_column type=&#8221;4_4&#8243; _builder_version=&#8221;4.27.5&#8243; _module_preset=&#8221;default&#8221; global_colors_info=&#8221;{}&#8221; theme_builder_area=&#8221;post_content&#8221;][et_pb_heading title=&#8221;Datenschutz&#8221; _builder_version=&#8221;4.27.5&#8243; _module_preset=&#8221;default&#8221; hover_enabled=&#8221;0&#8243; global_colors_info=&#8221;{}&#8221; theme_builder_area=&#8221;post_content&#8221; sticky_enabled=&#8221;0&#8243;][\/et_pb_heading][et_pb_text _builder_version=&#8221;4.27.5&#8243; _module_preset=&#8221;default&#8221; text_font=&#8221;&#8211;et_global_body_font||||||||&#8221; text_font_size=&#8221;18px&#8221; text_line_height=&#8221;1.9em&#8221; hover_enabled=&#8221;0&#8243; global_colors_info=&#8221;{}&#8221; theme_builder_area=&#8221;post_content&#8221; sticky_enabled=&#8221;0&#8243;]<\/p>\n<p>Diese Bedingungen regeln Ihren Zugriff auf und Ihre Nutzung aller Inhalte, Produkte und Dienste, die auf der von Dendropharm (\u201euns\u201c, \u201ewir\u201c oder \u201eunser\u201c) betriebenen Website https:\/\/dendropharm.de (der \u201eDienst\u201c) verf\u00fcgbar sind. Ihr Zugriff auf unsere Dienste unterliegt Ihrer uneingeschr\u00e4nkten Zustimmung zu allen hierin enthaltenen Gesch\u00e4ftsbedingungen und allen anderen ver\u00f6ffentlichten und von Zeit zu Zeit von uns ver\u00f6ffentlichten Betriebsregeln und Richtlinien. Bitte lesen Sie die Vereinbarung sorgf\u00e4ltig durch, bevor Sie auf unsere Dienste zugreifen oder diese nutzen. Indem Sie auf unsere Dienste zugreifen oder diese nutzen, erkl\u00e4ren Sie sich mit diesen Bedingungen einverstanden. Wenn Sie mit den Bedingungen dieser Vereinbarung nicht einverstanden sind, d\u00fcrfen Sie unsere Dienste nicht nutzen.<\/p>\n<p><strong>Geistiges Eigentum<\/strong><br \/>Durch die Vereinbarung wird kein geistiges Eigentum von uns oder Dritten von uns auf Sie \u00fcbertragen, und alle Rechte, Titel und Interessen an diesem Eigentum verbleiben (zwischen den Parteien) ausschlie\u00dflich bei Dendropharm und seinen Lizenzgebern.<\/p>\n<p><strong>Dienste von Drittanbietern<\/strong><br \/>Bei der Nutzung der Dienste k\u00f6nnen Sie Dienste, Produkte, Software, Einbettungen oder Anwendungen von Drittanbietern nutzen, die von Drittanbietern entwickelt wurden (\u201eDienste von Drittanbietern\u201c). Wenn Sie Dienste von Drittanbietern nutzen, verstehen Sie Folgendes:<\/p>\n<ul>\n<li>Die Nutzung von Diensten Dritter erfolgt auf Ihr eigenes Risiko und wir \u00fcbernehmen gegen\u00fcber niemandem Verantwortung oder Haftung f\u00fcr Websites oder Dienste Dritter.<\/li>\n<li>Sie erkennen an und erkl\u00e4ren sich damit einverstanden, dass wir nicht f\u00fcr Sch\u00e4den oder Verluste verantwortlich oder haftbar sind, die durch oder im Zusammenhang mit der Nutzung solcher Inhalte, Waren oder Dienste, die auf oder \u00fcber solche Websites oder Dienste verf\u00fcgbar sind, verursacht wurden oder angeblich verursacht wurden.<\/li>\n<\/ul>\n<p><strong>Konten<\/strong><br \/>Wenn f\u00fcr die Nutzung eines Teils unserer Dienste ein Konto erforderlich ist, erkl\u00e4ren Sie sich damit einverstanden, uns bei der Registrierung f\u00fcr ein Konto vollst\u00e4ndige und genaue Informationen bereitzustellen. Sie sind allein verantwortlich und haftbar f\u00fcr alle Aktivit\u00e4ten, die \u00fcber Ihr Konto stattfinden. Sie sind daf\u00fcr verantwortlich, Ihre Kontoinformationen auf dem neuesten Stand zu halten und Ihr Passwort sicher aufzubewahren. Sie sind f\u00fcr die Sicherheit Ihres Kontos verantwortlich, das Sie f\u00fcr den Zugriff auf den Dienst verwenden. Sie d\u00fcrfen Ihre Zugangsdaten nicht weitergeben oder missbrauchen. Sie sind verpflichtet, uns unverz\u00fcglich \u00fcber jede unbefugte Nutzung Ihres Kontos oder jede andere Sicherheitsverletzung zu informieren.<\/p>\n<p><strong>Links zu anderen Websites<\/strong><br \/>Unser Service kann Links zu Websites oder Diensten Dritter enthalten, die nicht Eigentum von Dendropharm sind oder von Dendropharm kontrolliert werden. Dendropharm \u00fcbernimmt keine Verantwortung f\u00fcr den Inhalt, die Datenschutzrichtlinien oder die Praktiken von Websites oder Diensten Dritter. Dendropharm ist auch nicht direkt oder indirekt verantwortlich oder haftbar f\u00fcr Sch\u00e4den oder Verluste, die durch oder im Zusammenhang mit der Nutzung oder dem Vertrauen auf solche Inhalte, Waren oder Dienstleistungen, die auf oder \u00fcber solche Websites oder Dienste verf\u00fcgbar sind, verursacht wurden oder angeblich verursacht wurden. Wir empfehlen Ihnen, die Allgemeinen Gesch\u00e4ftsbedingungen und Datenschutzrichtlinien aller Websites oder Dienste Dritter, die Sie besuchen, zu lesen.<\/p>\n<p><strong>Beendigung<\/strong><br \/>Wir k\u00f6nnen Ihren Zugriff auf alle oder einen Teil unserer Dienste jederzeit mit oder ohne Grund, mit oder ohne Benachrichtigung und mit sofortiger Wirkung beenden oder aussetzen. Wenn Sie die Vereinbarung oder Ihr Dendropharm-Konto k\u00fcndigen m\u00f6chten, k\u00f6nnen Sie die Nutzung unserer Dienste einfach einstellen. Alle Bestimmungen der Vereinbarung, die ihrer Natur nach auch nach einer K\u00fcndigung Bestand haben sollten, bleiben auch nach einer K\u00fcndigung bestehen, einschlie\u00dflich, aber nicht beschr\u00e4nkt auf Eigentumsbestimmungen, Gew\u00e4hrleistungsausschl\u00fcsse, Freistellungen und Haftungsbeschr\u00e4nkungen.<\/p>\n<p><strong>Haftungsausschluss<\/strong><br \/>Unsere Dienste werden \u201eWIE BESEHEN\u201c und \u201eWIE VERF\u00dcGBAR\u201c bereitgestellt. Dendropharm und seine Lieferanten und Lizenzgeber lehnen hiermit jegliche ausdr\u00fcckliche oder stillschweigende Gew\u00e4hrleistung jeglicher Art ab, einschlie\u00dflich, aber nicht beschr\u00e4nkt auf Gew\u00e4hrleistungen der Marktg\u00e4ngigkeit, der Eignung f\u00fcr einen bestimmten Zweck und der Nichtverletzung von Rechten Dritter. Weder Dendropharm noch seine Lieferanten und Lizenzgeber \u00fcbernehmen eine Gew\u00e4hrleistung daf\u00fcr, dass unsere Dienste fehlerfrei sind oder dass der Zugriff darauf kontinuierlich oder ununterbrochen erfolgt. Sie verstehen, dass Sie nach eigenem Ermessen und auf eigene Gefahr Inhalte oder Dienste von unseren Diensten herunterladen oder anderweitig \u00fcber diese beziehen.<\/p>\n<p><strong>Gerichtsstand und anwendbares Recht<\/strong><br \/>Sofern geltendes Recht nichts anderes vorsieht, unterliegen die Vereinbarung und der Zugriff auf unsere Dienste bzw. deren Nutzung den Gesetzen des Staates New York. Der richtige Gerichtsstand f\u00fcr alle Streitigkeiten, die sich aus der Vereinbarung ergeben oder damit in Zusammenhang stehen, sowie f\u00fcr den Zugriff auf unsere Dienste oder deren Nutzung sind die Staats- und Bundesgerichte in New York.<\/p>\n<p><strong>\u00c4nderungen<\/strong><br \/>Dendropharm beh\u00e4lt sich das Recht vor, diese Bedingungen jederzeit nach eigenem Ermessen zu \u00e4ndern oder zu ersetzen. Sollten wir wesentliche \u00c4nderungen vornehmen, informieren wir Sie vor Inkrafttreten der \u00c4nderungen durch einen Beitrag auf unserer Website, per E-Mail oder auf andere Weise dar\u00fcber. In der Mitteilung wird eine angemessene Frist angegeben, nach der die neuen Bedingungen in Kraft treten. Wir bem\u00fchen uns, Sie mindestens 30 Tage vor Inkrafttreten der \u00c4nderungen zu benachrichtigen. Wenn Sie mit unseren \u00c4nderungen nicht einverstanden sind, sollten Sie die Nutzung unserer Dienste innerhalb der angegebenen Frist oder nach Inkrafttreten der \u00c4nderungen einstellen. Ihre fortgesetzte Nutzung unserer Dienste unterliegt den neuen Bedingungen.<\/p>\n<p><strong>Kontaktieren Sie uns<\/strong><br \/>Wenn Sie Fragen zu diesen Nutzungsbedingungen haben, kontaktieren Sie uns bitte unter <a href=\"mailto:info@dendropharm.de\">info@dendropharm.de <\/a><\/p>\n<p>Zuletzt aktualisiert: 23. Juli 2025<\/p>\n<p>[\/et_pb_text][\/et_pb_column][\/et_pb_row][\/et_pb_section]<\/p>\n","protected":false},"excerpt":{"rendered":"<p>Diese Bedingungen regeln Ihren Zugriff auf und Ihre Nutzung aller Inhalte, Produkte und Dienste, die auf der von Dendropharm (\u201euns\u201c, \u201ewir\u201c oder \u201eunser\u201c) betriebenen Website https:\/\/dendropharm.de (der \u201eDienst\u201c) verf\u00fcgbar sind. Ihr Zugriff auf unsere Dienste unterliegt Ihrer uneingeschr\u00e4nkten Zustimmung zu allen hierin enthaltenen Gesch\u00e4ftsbedingungen und allen anderen ver\u00f6ffentlichten und von Zeit zu Zeit von uns ver\u00f6ffentlichten Betriebsregeln und Richtlinien. Bitte lesen Sie die Vereinbarung sorgf\u00e4ltig durch, bevor Sie auf unsere Dienste zugreifen oder diese nutzen. Indem Sie auf unsere Dienste zugreifen oder diese nutzen, erkl\u00e4ren Sie sich mit diesen Bedingungen einverstanden. Wenn Sie mit den Bedingungen dieser Vereinbarung nicht einverstanden sind, d\u00fcrfen Sie unsere Dienste nicht nutzen. Geistiges EigentumDurch die Vereinbarung wird kein geistiges Eigentum von uns oder Dritten von uns auf Sie \u00fcbertragen, und alle Rechte, Titel und Interessen an diesem Eigentum verbleiben (zwischen den Parteien) ausschlie\u00dflich bei Dendropharm und seinen Lizenzgebern. Dienste von DrittanbieternBei der Nutzung der Dienste k\u00f6nnen Sie Dienste, Produkte, Software, Einbettungen oder Anwendungen von Drittanbietern nutzen, die von Drittanbietern entwickelt wurden (\u201eDienste von Drittanbietern\u201c). Wenn Sie Dienste von Drittanbietern nutzen, verstehen Sie Folgendes: Die Nutzung von Diensten Dritter erfolgt auf Ihr eigenes Risiko und wir \u00fcbernehmen gegen\u00fcber niemandem Verantwortung oder Haftung f\u00fcr Websites oder Dienste [&hellip;]<\/p>\n","protected":false},"author":1,"featured_media":0,"parent":0,"menu_order":0,"comment_status":"closed","ping_status":"closed","template":"","meta":{"_et_pb_use_builder":"on","_et_pb_old_content":"","_et_gb_content_width":"","footnotes":""},"class_list":["post-247","page","type-page","status-publish","hentry"],"_links":{"self":[{"href":"https:\/\/www.dendropharm.de\/en\/wp-json\/wp\/v2\/pages\/247","targetHints":{"allow":["GET"]}}],"collection":[{"href":"https:\/\/www.dendropharm.de\/en\/wp-json\/wp\/v2\/pages"}],"about":[{"href":"https:\/\/www.dendropharm.de\/en\/wp-json\/wp\/v2\/types\/page"}],"author":[{"embeddable":true,"href":"https:\/\/www.dendropharm.de\/en\/wp-json\/wp\/v2\/users\/1"}],"replies":[{"embeddable":true,"href":"https:\/\/www.dendropharm.de\/en\/wp-json\/wp\/v2\/comments?post=247"}],"version-history":[{"count":2,"href":"https:\/\/www.dendropharm.de\/en\/wp-json\/wp\/v2\/pages\/247\/revisions"}],"predecessor-version":[{"id":250,"href":"https:\/\/www.dendropharm.de\/en\/wp-json\/wp\/v2\/pages\/247\/revisions\/250"}],"wp:attachment":[{"href":"https:\/\/www.dendropharm.de\/en\/wp-json\/wp\/v2\/media?parent=247"}],"curies":[{"name":"wp","href":"https:\/\/api.w.org\/{rel}","templated":true}]}}