{"id":243,"date":"2026-01-19T13:35:05","date_gmt":"2026-01-19T12:35:05","guid":{"rendered":"https:\/\/dendropharm.develop-stage.de\/?page_id=243"},"modified":"2026-02-27T17:02:53","modified_gmt":"2026-02-27T16:02:53","slug":"impressum","status":"publish","type":"page","link":"https:\/\/www.dendropharm.de\/en\/impressum\/","title":{"rendered":"Impressum"},"content":{"rendered":"<p>[et_pb_section fb_built=&#8221;1&#8243; _builder_version=&#8221;4.27.5&#8243; _module_preset=&#8221;default&#8221; custom_padding=&#8221;||3px|||&#8221; global_colors_info=&#8221;{}&#8221; theme_builder_area=&#8221;post_content&#8221;][et_pb_row _builder_version=&#8221;4.27.5&#8243; _module_preset=&#8221;default&#8221; global_colors_info=&#8221;{}&#8221; theme_builder_area=&#8221;post_content&#8221;][et_pb_column type=&#8221;4_4&#8243; _builder_version=&#8221;4.27.5&#8243; _module_preset=&#8221;default&#8221; global_colors_info=&#8221;{}&#8221; theme_builder_area=&#8221;post_content&#8221;][et_pb_heading title=&#8221;Impressum&#8221; _builder_version=&#8221;4.27.5&#8243; _module_preset=&#8221;default&#8221; hover_enabled=&#8221;0&#8243; global_colors_info=&#8221;{}&#8221; theme_builder_area=&#8221;post_content&#8221; sticky_enabled=&#8221;0&#8243;][\/et_pb_heading][et_pb_text _builder_version=&#8221;4.27.5&#8243; _module_preset=&#8221;default&#8221; text_font=&#8221;&#8211;et_global_body_font||||||||&#8221; text_font_size=&#8221;18px&#8221; text_line_height=&#8221;1.9em&#8221; hover_enabled=&#8221;0&#8243; global_colors_info=&#8221;{}&#8221; theme_builder_area=&#8221;post_content&#8221; sticky_enabled=&#8221;0&#8243;]<\/p>\n<p><strong>Dendropharm GmbH<\/strong><\/p>\n<p><strong>Gesch\u00e4ftsf\u00fchrer:<\/strong> Dr. Sam Dylan Mor\u00e9<\/p>\n<p><strong>Adresse:<\/strong> Lankwitzer Str 59 | 12107 Berlin | Germany<\/p>\n<p><strong>Email:<\/strong> <a href=\"mailto:info@dendropharm.de\" target=\"_blank\" rel=\"noopener\" title=\"info@dendropharm.de\">info@dendropharm.de<\/a><\/p>\n<p><strong>Telefon:<\/strong> +49 (0) 30 40 52 88 66<\/p>\n<p><strong>HRB:<\/strong> 151543 B<\/p>\n<p><strong>Amtsgericht:<\/strong> Charlottenburg<\/p>\n<p><strong>USt.-IdNr.:<\/strong> DE291050436<\/p>\n<p>[\/et_pb_text][\/et_pb_column][\/et_pb_row][\/et_pb_section]<\/p>\n","protected":false},"excerpt":{"rendered":"<p>Dendropharm GmbH Gesch\u00e4ftsf\u00fchrer: Dr. Sam Dylan Mor\u00e9 Adresse: Lankwitzer Str 59 | 12107 Berlin | Germany Email: info@dendropharm.de Telefon: +49 (0) 30 40 52 88 66 HRB: 151543 B Amtsgericht: Charlottenburg USt.-IdNr.: DE291050436<\/p>\n","protected":false},"author":1,"featured_media":0,"parent":0,"menu_order":0,"comment_status":"closed","ping_status":"closed","template":"","meta":{"_et_pb_use_builder":"on","_et_pb_old_content":"","_et_gb_content_width":"","footnotes":""},"class_list":["post-243","page","type-page","status-publish","hentry"],"_links":{"self":[{"href":"https:\/\/www.dendropharm.de\/en\/wp-json\/wp\/v2\/pages\/243","targetHints":{"allow":["GET"]}}],"collection":[{"href":"https:\/\/www.dendropharm.de\/en\/wp-json\/wp\/v2\/pages"}],"about":[{"href":"https:\/\/www.dendropharm.de\/en\/wp-json\/wp\/v2\/types\/page"}],"author":[{"embeddable":true,"href":"https:\/\/www.dendropharm.de\/en\/wp-json\/wp\/v2\/users\/1"}],"replies":[{"embeddable":true,"href":"https:\/\/www.dendropharm.de\/en\/wp-json\/wp\/v2\/comments?post=243"}],"version-history":[{"count":2,"href":"https:\/\/www.dendropharm.de\/en\/wp-json\/wp\/v2\/pages\/243\/revisions"}],"predecessor-version":[{"id":246,"href":"https:\/\/www.dendropharm.de\/en\/wp-json\/wp\/v2\/pages\/243\/revisions\/246"}],"wp:attachment":[{"href":"https:\/\/www.dendropharm.de\/en\/wp-json\/wp\/v2\/media?parent=243"}],"curies":[{"name":"wp","href":"https:\/\/api.w.org\/{rel}","templated":true}]}}