{"id":231,"date":"2026-01-19T13:35:05","date_gmt":"2026-01-19T12:35:05","guid":{"rendered":"https:\/\/dendropharm.develop-stage.de\/?page_id=231"},"modified":"2026-02-02T14:01:11","modified_gmt":"2026-02-02T13:01:11","slug":"imagefilm","status":"publish","type":"page","link":"https:\/\/www.dendropharm.de\/en\/imagefilm\/","title":{"rendered":"Imagefilm"},"content":{"rendered":"<p>[et_pb_section fb_built=&#8221;1&#8243; fullwidth=&#8221;on&#8221; _builder_version=&#8221;4.27.5&#8243; _module_preset=&#8221;default&#8221; global_colors_info=&#8221;{}&#8221; theme_builder_area=&#8221;post_content&#8221;][et_pb_fullwidth_image src=&#8221;https:\/\/www.dendropharm.de\/wp-content\/uploads\/Imagefilm-scaled.jpg&#8221; title_text=&#8221;Imagefilm&#8221; _builder_version=&#8221;4.27.5&#8243; _module_preset=&#8221;default&#8221; global_colors_info=&#8221;{}&#8221; theme_builder_area=&#8221;post_content&#8221;][\/et_pb_fullwidth_image][\/et_pb_section][et_pb_section fb_built=&#8221;1&#8243; _builder_version=&#8221;4.27.5&#8243; _module_preset=&#8221;default&#8221; custom_padding=&#8221;||3px|||&#8221; global_colors_info=&#8221;{}&#8221; theme_builder_area=&#8221;post_content&#8221;][et_pb_row _builder_version=&#8221;4.27.5&#8243; _module_preset=&#8221;default&#8221; global_colors_info=&#8221;{}&#8221; theme_builder_area=&#8221;post_content&#8221;][et_pb_column type=&#8221;4_4&#8243; _builder_version=&#8221;4.27.5&#8243; _module_preset=&#8221;default&#8221; global_colors_info=&#8221;{}&#8221; theme_builder_area=&#8221;post_content&#8221;][et_pb_heading title=&#8221;Erfahren Sie mehr \u00fcber DendroPharm&#8221; _builder_version=&#8221;4.27.5&#8243; _module_preset=&#8221;default&#8221; global_colors_info=&#8221;{}&#8221; theme_builder_area=&#8221;post_content&#8221;][\/et_pb_heading][et_pb_text _builder_version=&#8221;4.27.5&#8243; _module_preset=&#8221;default&#8221; text_font=&#8221;&#8211;et_global_body_font||||||||&#8221; text_font_size=&#8221;18px&#8221; text_line_height=&#8221;1.9em&#8221; global_colors_info=&#8221;{}&#8221; theme_builder_area=&#8221;post_content&#8221;]<\/p>\n<p>Entdecken Sie DendroPharm, eine bahnbrechende Innovation in der Medizin, die dendritische Nanocarrier f\u00fcr die Behandlung chronischer Krankheiten einsetzt. Wir bieten eine Nanotech-Plattformtechnologie f\u00fcr die gezielte Behandlung von Tumoren, entz\u00fcndetem Gewebe usw. Au\u00dferdem bieten wir unseren Kunden die Entwicklung von Formulierungen f\u00fcr die transdermale Verabreichung von Medikamenten an. In diesem Zusammenhang bieten wir auch CDMO-Dienstleistungen an. Dazu geh\u00f6ren: Auftragsfertigung von Arzneimitteln und chemischer Testmuster sowie die Synthese neuartiger Medikamente und Polymere.<\/p>\n<p>[\/et_pb_text][\/et_pb_column][\/et_pb_row][et_pb_row _builder_version=&#8221;4.27.5&#8243; _module_preset=&#8221;default&#8221; global_colors_info=&#8221;{}&#8221; theme_builder_area=&#8221;post_content&#8221;][et_pb_column type=&#8221;4_4&#8243; _builder_version=&#8221;4.27.5&#8243; _module_preset=&#8221;default&#8221; global_colors_info=&#8221;{}&#8221; theme_builder_area=&#8221;post_content&#8221;][et_pb_heading title=&#8221;Das Businessmodel&#8221; _builder_version=&#8221;4.27.5&#8243; _module_preset=&#8221;default&#8221; title_level=&#8221;h2&#8243; custom_margin=&#8221;||-2px|||&#8221; global_colors_info=&#8221;{}&#8221; theme_builder_area=&#8221;post_content&#8221;][\/et_pb_heading][et_pb_video src=&#8221;https:\/\/youtu.be\/mt2uqW-wadU&#8221; _builder_version=&#8221;4.27.5&#8243; _module_preset=&#8221;default&#8221; global_colors_info=&#8221;{}&#8221; theme_builder_area=&#8221;post_content&#8221;][\/et_pb_video][\/et_pb_column][\/et_pb_row][et_pb_row _builder_version=&#8221;4.27.5&#8243; _module_preset=&#8221;default&#8221; global_colors_info=&#8221;{}&#8221; theme_builder_area=&#8221;post_content&#8221;][et_pb_column type=&#8221;4_4&#8243; _builder_version=&#8221;4.27.5&#8243; _module_preset=&#8221;default&#8221; global_colors_info=&#8221;{}&#8221; theme_builder_area=&#8221;post_content&#8221;][et_pb_heading title=&#8221;Unsere Nano-Technologie&#8221; _builder_version=&#8221;4.27.5&#8243; _module_preset=&#8221;default&#8221; title_level=&#8221;h2&#8243; custom_margin=&#8221;||-2px|||&#8221; global_colors_info=&#8221;{}&#8221; theme_builder_area=&#8221;post_content&#8221;][\/et_pb_heading][et_pb_video src=&#8221;https:\/\/youtu.be\/-Qa1VQ_AiQU&#8221; _builder_version=&#8221;4.27.5&#8243; _module_preset=&#8221;default&#8221; hover_enabled=&#8221;0&#8243; global_colors_info=&#8221;{}&#8221; theme_builder_area=&#8221;post_content&#8221; sticky_enabled=&#8221;0&#8243;][\/et_pb_video][\/et_pb_column][\/et_pb_row][\/et_pb_section]<\/p>\n","protected":false},"excerpt":{"rendered":"<p>Entdecken Sie DendroPharm, eine bahnbrechende Innovation in der Medizin, die dendritische Nanocarrier f\u00fcr die Behandlung chronischer Krankheiten einsetzt. Wir bieten eine Nanotech-Plattformtechnologie f\u00fcr die gezielte Behandlung von Tumoren, entz\u00fcndetem Gewebe usw. Au\u00dferdem bieten wir unseren Kunden die Entwicklung von Formulierungen f\u00fcr die transdermale Verabreichung von Medikamenten an. In diesem Zusammenhang bieten wir auch CDMO-Dienstleistungen an. Dazu geh\u00f6ren: Auftragsfertigung von Arzneimitteln und chemischer Testmuster sowie die Synthese neuartiger Medikamente und Polymere.<\/p>\n","protected":false},"author":1,"featured_media":0,"parent":0,"menu_order":0,"comment_status":"closed","ping_status":"closed","template":"","meta":{"_et_pb_use_builder":"on","_et_pb_old_content":"","_et_gb_content_width":"","footnotes":""},"class_list":["post-231","page","type-page","status-publish","hentry"],"_links":{"self":[{"href":"https:\/\/www.dendropharm.de\/en\/wp-json\/wp\/v2\/pages\/231","targetHints":{"allow":["GET"]}}],"collection":[{"href":"https:\/\/www.dendropharm.de\/en\/wp-json\/wp\/v2\/pages"}],"about":[{"href":"https:\/\/www.dendropharm.de\/en\/wp-json\/wp\/v2\/types\/page"}],"author":[{"embeddable":true,"href":"https:\/\/www.dendropharm.de\/en\/wp-json\/wp\/v2\/users\/1"}],"replies":[{"embeddable":true,"href":"https:\/\/www.dendropharm.de\/en\/wp-json\/wp\/v2\/comments?post=231"}],"version-history":[{"count":12,"href":"https:\/\/www.dendropharm.de\/en\/wp-json\/wp\/v2\/pages\/231\/revisions"}],"predecessor-version":[{"id":454,"href":"https:\/\/www.dendropharm.de\/en\/wp-json\/wp\/v2\/pages\/231\/revisions\/454"}],"wp:attachment":[{"href":"https:\/\/www.dendropharm.de\/en\/wp-json\/wp\/v2\/media?parent=231"}],"curies":[{"name":"wp","href":"https:\/\/api.w.org\/{rel}","templated":true}]}}