{"id":192,"date":"2026-01-19T13:35:05","date_gmt":"2026-01-19T12:35:05","guid":{"rendered":"https:\/\/dendropharm.develop-stage.de\/?page_id=192"},"modified":"2026-02-27T16:55:24","modified_gmt":"2026-02-27T15:55:24","slug":"ueber-uns","status":"publish","type":"page","link":"https:\/\/www.dendropharm.de\/en\/ueber-uns\/","title":{"rendered":"\u00dcber uns"},"content":{"rendered":"<p>[et_pb_section fb_built=&#8221;1&#8243; fullwidth=&#8221;on&#8221; _builder_version=&#8221;4.27.5&#8243; _module_preset=&#8221;default&#8221; global_colors_info=&#8221;{}&#8221; theme_builder_area=&#8221;post_content&#8221;][et_pb_fullwidth_image src=&#8221;https:\/\/www.dendropharm.de\/wp-content\/uploads\/Happy-Team-scaled.jpg&#8221; title_text=&#8221;Happy-Team&#8221; _builder_version=&#8221;4.27.5&#8243; _module_preset=&#8221;default&#8221; hover_enabled=&#8221;0&#8243; global_colors_info=&#8221;{}&#8221; theme_builder_area=&#8221;post_content&#8221; sticky_enabled=&#8221;0&#8243;][\/et_pb_fullwidth_image][\/et_pb_section][et_pb_section fb_built=&#8221;1&#8243; _builder_version=&#8221;4.27.5&#8243; _module_preset=&#8221;default&#8221; custom_padding=&#8221;||3px|||&#8221; global_colors_info=&#8221;{}&#8221; theme_builder_area=&#8221;post_content&#8221;][et_pb_row _builder_version=&#8221;4.27.5&#8243; _module_preset=&#8221;default&#8221; global_colors_info=&#8221;{}&#8221; theme_builder_area=&#8221;post_content&#8221;][et_pb_column type=&#8221;4_4&#8243; _builder_version=&#8221;4.27.5&#8243; _module_preset=&#8221;default&#8221; global_colors_info=&#8221;{}&#8221; theme_builder_area=&#8221;post_content&#8221;][et_pb_heading title=&#8221;DendroPharm Team&#8221; _builder_version=&#8221;4.27.5&#8243; _module_preset=&#8221;default&#8221; hover_enabled=&#8221;0&#8243; global_colors_info=&#8221;{}&#8221; theme_builder_area=&#8221;post_content&#8221; sticky_enabled=&#8221;0&#8243;][\/et_pb_heading][et_pb_text _builder_version=&#8221;4.27.5&#8243; _module_preset=&#8221;default&#8221; text_font=&#8221;&#8211;et_global_body_font||||||||&#8221; text_font_size=&#8221;18px&#8221; text_line_height=&#8221;1.9em&#8221; hover_enabled=&#8221;0&#8243; global_colors_info=&#8221;{}&#8221; theme_builder_area=&#8221;post_content&#8221; sticky_enabled=&#8221;0&#8243;]<\/p>\n<p>Die DendroPharm GmbH besteht aus einem Team von Wissenschaftlern mit Abschl\u00fcssen in Chemie, synthetischer organischer Chemie, Pharmazie und Mikrobiologie. Unser Team pflegt ein Klima der Integrit\u00e4t, Kreativit\u00e4t und des Engagements f\u00fcr unser Ziel und unsere Vision: die Anforderungen und Erwartungen unserer Kunden zu erf\u00fcllen und gemeinsam die Welt zu einem besseren Ort zu machen. Diese Werte erm\u00f6glichen es uns, eine \u00fcberragende Qualit\u00e4t bei Produkten und Dienstleistungen zu erreichen.<\/p>\n<p>DendroPharm wurde 2013 von Sam Dylan Mor\u00e9, Henrik Luessen, Margret Mor\u00e9, Emanuel Fleige und Florian Paulus als Spin-off der Freien Universit\u00e4t Berlin gegr\u00fcndet. Wir widmen uns der Entwicklung neuartiger Hilfsstoffe und innovativer Therapien f\u00fcr schwere und chronische Krankheiten.<\/p>\n<p>Wir verf\u00fcgen \u00fcber mehr als 50 Jahre Erfahrung in den Bereichen Technologietransfer, industrielle Produktion und Qualit\u00e4tsmanagement. Unsere Wissenschaftler haben l\u00e4ngere Zeit in Forschungsinstituten im Ausland verbracht, beispielsweise in Japan, den USA oder Argentinien. Dar\u00fcber hinaus hatten einige Teammitglieder F\u00fchrungspositionen oder waren als technische Experten in der pharmazeutischen Industrie t\u00e4tig.<\/p>\n<p>Unsere Mitarbeiter sind umfassend geschult, um gem\u00e4\u00df den Normen ISO 9000 und GMP zu arbeiten.<\/p>\n<p>[\/et_pb_text][\/et_pb_column][\/et_pb_row][et_pb_row _builder_version=&#8221;4.27.5&#8243; _module_preset=&#8221;default&#8221; theme_builder_area=&#8221;post_content&#8221;][et_pb_column _builder_version=&#8221;4.27.5&#8243; _module_preset=&#8221;default&#8221; type=&#8221;4_4&#8243; theme_builder_area=&#8221;post_content&#8221;][et_pb_image src=&#8221;https:\/\/www.dendropharm.de\/wp-content\/uploads\/Group-picture-outside.jpeg&#8221; _builder_version=&#8221;4.27.5&#8243; _module_preset=&#8221;default&#8221; theme_builder_area=&#8221;post_content&#8221; title_text=&#8221;Group-picture-outside&#8221; hover_enabled=&#8221;0&#8243; sticky_enabled=&#8221;0&#8243;][\/et_pb_image][\/et_pb_column][\/et_pb_row][\/et_pb_section]<\/p>\n","protected":false},"excerpt":{"rendered":"<p>Die DendroPharm GmbH besteht aus einem Team von Wissenschaftlern mit Abschl\u00fcssen in Chemie, synthetischer organischer Chemie, Pharmazie und Mikrobiologie. Unser Team pflegt ein Klima der Integrit\u00e4t, Kreativit\u00e4t und des Engagements f\u00fcr unser Ziel und unsere Vision: die Anforderungen und Erwartungen unserer Kunden zu erf\u00fcllen und gemeinsam die Welt zu einem besseren Ort zu machen. Diese Werte erm\u00f6glichen es uns, eine \u00fcberragende Qualit\u00e4t bei Produkten und Dienstleistungen zu erreichen. DendroPharm wurde 2013 von Sam Dylan Mor\u00e9, Henrik Luessen, Margret Mor\u00e9, Emanuel Fleige und Florian Paulus als Spin-off der Freien Universit\u00e4t Berlin gegr\u00fcndet. Wir widmen uns der Entwicklung neuartiger Hilfsstoffe und innovativer Therapien f\u00fcr schwere und chronische Krankheiten. Wir verf\u00fcgen \u00fcber mehr als 50 Jahre Erfahrung in den Bereichen Technologietransfer, industrielle Produktion und Qualit\u00e4tsmanagement. Unsere Wissenschaftler haben l\u00e4ngere Zeit in Forschungsinstituten im Ausland verbracht, beispielsweise in Japan, den USA oder Argentinien. Dar\u00fcber hinaus hatten einige Teammitglieder F\u00fchrungspositionen oder waren als technische Experten in der pharmazeutischen Industrie t\u00e4tig. Unsere Mitarbeiter sind umfassend geschult, um gem\u00e4\u00df den Normen ISO 9000 und GMP zu arbeiten.<\/p>\n","protected":false},"author":1,"featured_media":0,"parent":0,"menu_order":0,"comment_status":"closed","ping_status":"closed","template":"","meta":{"_et_pb_use_builder":"on","_et_pb_old_content":"","_et_gb_content_width":"","footnotes":""},"class_list":["post-192","page","type-page","status-publish","hentry"],"_links":{"self":[{"href":"https:\/\/www.dendropharm.de\/en\/wp-json\/wp\/v2\/pages\/192","targetHints":{"allow":["GET"]}}],"collection":[{"href":"https:\/\/www.dendropharm.de\/en\/wp-json\/wp\/v2\/pages"}],"about":[{"href":"https:\/\/www.dendropharm.de\/en\/wp-json\/wp\/v2\/types\/page"}],"author":[{"embeddable":true,"href":"https:\/\/www.dendropharm.de\/en\/wp-json\/wp\/v2\/users\/1"}],"replies":[{"embeddable":true,"href":"https:\/\/www.dendropharm.de\/en\/wp-json\/wp\/v2\/comments?post=192"}],"version-history":[{"count":4,"href":"https:\/\/www.dendropharm.de\/en\/wp-json\/wp\/v2\/pages\/192\/revisions"}],"predecessor-version":[{"id":226,"href":"https:\/\/www.dendropharm.de\/en\/wp-json\/wp\/v2\/pages\/192\/revisions\/226"}],"wp:attachment":[{"href":"https:\/\/www.dendropharm.de\/en\/wp-json\/wp\/v2\/media?parent=192"}],"curies":[{"name":"wp","href":"https:\/\/api.w.org\/{rel}","templated":true}]}}