{"id":186,"date":"2026-01-19T13:35:05","date_gmt":"2026-01-19T12:35:05","guid":{"rendered":"https:\/\/dendropharm.develop-stage.de\/?page_id=186"},"modified":"2026-02-27T16:44:11","modified_gmt":"2026-02-27T15:44:11","slug":"auftragsfertigung","status":"publish","type":"page","link":"https:\/\/www.dendropharm.de\/en\/auftragsfertigung\/","title":{"rendered":"Auftragsfertigung"},"content":{"rendered":"<p>[et_pb_section fb_built=&#8221;1&#8243; fullwidth=&#8221;on&#8221; _builder_version=&#8221;4.27.5&#8243; _module_preset=&#8221;default&#8221; global_colors_info=&#8221;{}&#8221; theme_builder_area=&#8221;post_content&#8221;][et_pb_fullwidth_image src=&#8221;https:\/\/www.dendropharm.de\/wp-content\/uploads\/Investoren-scaled.jpg&#8221; title_text=&#8221;Investoren&#8221; _builder_version=&#8221;4.27.5&#8243; _module_preset=&#8221;default&#8221; global_colors_info=&#8221;{}&#8221; theme_builder_area=&#8221;post_content&#8221;][\/et_pb_fullwidth_image][\/et_pb_section][et_pb_section fb_built=&#8221;1&#8243; _builder_version=&#8221;4.27.5&#8243; _module_preset=&#8221;default&#8221; custom_padding=&#8221;||3px|||&#8221; global_colors_info=&#8221;{}&#8221; theme_builder_area=&#8221;post_content&#8221;][et_pb_row _builder_version=&#8221;4.27.5&#8243; _module_preset=&#8221;default&#8221; global_colors_info=&#8221;{}&#8221; theme_builder_area=&#8221;post_content&#8221;][et_pb_column type=&#8221;4_4&#8243; _builder_version=&#8221;4.27.5&#8243; _module_preset=&#8221;default&#8221; global_colors_info=&#8221;{}&#8221; theme_builder_area=&#8221;post_content&#8221;][et_pb_heading title=&#8221;GMP Auftragsfertigung und Accelerator&#8221; _builder_version=&#8221;4.27.5&#8243; _module_preset=&#8221;default&#8221; global_colors_info=&#8221;{}&#8221; theme_builder_area=&#8221;post_content&#8221;][\/et_pb_heading][et_pb_heading title=&#8221;GMP Auftragsfertigung halbfest und fl\u00fcssig als CDMO&#8221; _builder_version=&#8221;4.27.5&#8243; _module_preset=&#8221;default&#8221; title_level=&#8221;h2&#8243; custom_margin=&#8221;||-4px|||&#8221; global_colors_info=&#8221;{}&#8221; theme_builder_area=&#8221;post_content&#8221;][\/et_pb_heading][et_pb_text _builder_version=&#8221;4.27.5&#8243; _module_preset=&#8221;default&#8221; text_font=&#8221;&#8211;et_global_body_font||||||||&#8221; text_font_size=&#8221;18px&#8221; text_line_height=&#8221;1.9em&#8221; global_colors_info=&#8221;{}&#8221; theme_builder_area=&#8221;post_content&#8221;]<\/p>\n<p>Die DendroPharm GmbH bietet Auftragsfertigung f\u00fcr nicht-sterile halbfeste und fl\u00fcssige Arzneimittel, klinische Studienmuster (Pr\u00fcfmuster) sowie Kosmetika an. Wir bieten auch Stabilit\u00e4tsstudien nach ICH 1 mit GMP-konformen Analysen an.<\/p>\n<p>\u00dcber unsere Qualified Person nach AMG \u00a713 \/ AMG \u00a715 k\u00f6nnen wir Ihre Produkte nach einer Analyse in unserem Labor arzneimittelrechtlich freigeben, sowie Wareneingangskontrollen durchf\u00fchren.<\/p>\n<p>Ab dem zweiten Quartal 2026 fertigt Dendropharm Ihre GMP Produkte in unserem Klasse D konformen Reinraum in folgenden Batchgr\u00f6\u00dfen: 0.5 kg bis 3 kg sowie 8 kg bis 50 kg in unseren 2 ESCO Mischern 3-L und 50-L.<\/p>\n<p>Die Abf\u00fcllung Ihrer Produkte oder klinischen Pr\u00fcfmuster erfolgt GMP gerecht semimanuell in Gebindegr\u00f6\u00dfen von 10 ml zu 250 ml. Besonders hochviskose Produkte k\u00f6nnen wir in Dosierapplikatoren, auch in kleinen Gr\u00f6\u00dfen von 0.5 ml bis 100 ml mittels einer Viscotech Anlage, abf\u00fcllen. Hierf\u00fcr bieten wir auch eigene Applikatoren an, die eine arzneimittelrechtlich genaue Dosierungen von 50\u00b5l erlauben.<\/p>\n<p>Pr\u00e4klinische fl\u00fcssige Pr\u00fcfmuster k\u00f6nnen in unserer Cleanbench sterilfiltriert werden.\u00a0<\/p>\n<p>Z\u00f6gern Sie nicht mit uns <a href=\"https:\/\/www.dendropharm.de\/kontakt\/\">Kontakt<\/a> aufzunehmen.<\/p>\n<p>[\/et_pb_text][\/et_pb_column][\/et_pb_row][\/et_pb_section][et_pb_section fb_built=&#8221;1&#8243; _builder_version=&#8221;4.27.5&#8243; _module_preset=&#8221;default&#8221; custom_padding=&#8221;3px||33px|||&#8221; global_colors_info=&#8221;{}&#8221; theme_builder_area=&#8221;post_content&#8221;][et_pb_row _builder_version=&#8221;4.27.5&#8243; _module_preset=&#8221;default&#8221; global_colors_info=&#8221;{}&#8221; theme_builder_area=&#8221;post_content&#8221;][et_pb_column type=&#8221;4_4&#8243; _builder_version=&#8221;4.27.5&#8243; _module_preset=&#8221;default&#8221; global_colors_info=&#8221;{}&#8221; theme_builder_area=&#8221;post_content&#8221;][et_pb_heading title=&#8221;DendroPharm GMP Accelerator&#8221; _builder_version=&#8221;4.27.5&#8243; _module_preset=&#8221;default&#8221; title_level=&#8221;h2&#8243; custom_margin=&#8221;||-4px|||&#8221; global_colors_info=&#8221;{}&#8221; theme_builder_area=&#8221;post_content&#8221;][\/et_pb_heading][\/et_pb_column][\/et_pb_row][et_pb_row _builder_version=&#8221;4.27.5&#8243; _module_preset=&#8221;default&#8221; custom_margin=&#8221;-2px|auto||auto||&#8221; custom_padding=&#8221;6px|||||&#8221; global_colors_info=&#8221;{}&#8221; theme_builder_area=&#8221;post_content&#8221;][et_pb_column type=&#8221;4_4&#8243; _builder_version=&#8221;4.27.5&#8243; _module_preset=&#8221;default&#8221; global_colors_info=&#8221;{}&#8221; theme_builder_area=&#8221;post_content&#8221;][et_pb_text _builder_version=&#8221;4.27.5&#8243; _module_preset=&#8221;default&#8221; text_font=&#8221;&#8211;et_global_body_font||||||||&#8221; text_font_size=&#8221;18px&#8221; text_line_height=&#8221;1.9em&#8221; global_colors_info=&#8221;{}&#8221; theme_builder_area=&#8221;post_content&#8221;]<\/p>\n<p>Die DendroPharm GmbH unterst\u00fctzt junge Unternehmen, die innovative Arzneimittel (kleine und gro\u00dfe Molek\u00fcle), halbfeste Formulierungen oder parenterale fl\u00fcssige Formulierungen entwickeln, mit Accelerator-Dienstleistungen. Wir stellen Ihr Fertigarzneimittel unter GMP-Bedingungen f\u00fcr Stabilit\u00e4tsstudien und klinische Studienproben her. Dar\u00fcber hinaus bieten wir B\u00fcror\u00e4ume f\u00fcr Start-ups sowie teilweise Sachinvestitionen, Beratung und Dienstleistungen zur Gesch\u00e4ftsentwicklung. Mit einem breiten Netzwerk von Partnern aus Wissenschaft und Industrie in ganz Europa tragen wir zum Wachstum Ihres Unternehmens bei.<\/p>\n<p>[\/et_pb_text][\/et_pb_column][\/et_pb_row][\/et_pb_section]<\/p>\n","protected":false},"excerpt":{"rendered":"<p>Die DendroPharm GmbH bietet Auftragsfertigung f\u00fcr nicht-sterile halbfeste und fl\u00fcssige Arzneimittel, klinische Studienmuster (Pr\u00fcfmuster) sowie Kosmetika an. Wir bieten auch Stabilit\u00e4tsstudien nach ICH 1 mit GMP-konformen Analysen an. \u00dcber unsere Qualified Person nach AMG \u00a713 \/ AMG \u00a715 k\u00f6nnen wir Ihre Produkte nach einer Analyse in unserem Labor arzneimittelrechtlich freigeben, sowie Wareneingangskontrollen durchf\u00fchren. Ab dem zweiten Quartal 2026 fertigt Dendropharm Ihre GMP Produkte in unserem Klasse D konformen Reinraum in folgenden Batchgr\u00f6\u00dfen: 0.5 kg bis 3 kg sowie 8 kg bis 50 kg in unseren 2 ESCO Mischern 3-L und 50-L. Die Abf\u00fcllung Ihrer Produkte oder klinischen Pr\u00fcfmuster erfolgt GMP gerecht semimanuell in Gebindegr\u00f6\u00dfen von 10 ml zu 250 ml. Besonders hochviskose Produkte k\u00f6nnen wir in Dosierapplikatoren, auch in kleinen Gr\u00f6\u00dfen von 0.5 ml bis 100 ml mittels einer Viscotech Anlage, abf\u00fcllen. Hierf\u00fcr bieten wir auch eigene Applikatoren an, die eine arzneimittelrechtlich genaue Dosierungen von 50\u00b5l erlauben. Pr\u00e4klinische fl\u00fcssige Pr\u00fcfmuster k\u00f6nnen in unserer Cleanbench sterilfiltriert werden.\u00a0 Z\u00f6gern Sie nicht mit uns Kontakt aufzunehmen.Die DendroPharm GmbH unterst\u00fctzt junge Unternehmen, die innovative Arzneimittel (kleine und gro\u00dfe Molek\u00fcle), halbfeste Formulierungen oder parenterale fl\u00fcssige Formulierungen entwickeln, mit Accelerator-Dienstleistungen. Wir stellen Ihr Fertigarzneimittel unter GMP-Bedingungen f\u00fcr Stabilit\u00e4tsstudien und klinische Studienproben her. Dar\u00fcber hinaus bieten wir [&hellip;]<\/p>\n","protected":false},"author":1,"featured_media":0,"parent":0,"menu_order":0,"comment_status":"closed","ping_status":"closed","template":"","meta":{"_et_pb_use_builder":"on","_et_pb_old_content":"","_et_gb_content_width":"","footnotes":""},"class_list":["post-186","page","type-page","status-publish","hentry"],"_links":{"self":[{"href":"https:\/\/www.dendropharm.de\/en\/wp-json\/wp\/v2\/pages\/186","targetHints":{"allow":["GET"]}}],"collection":[{"href":"https:\/\/www.dendropharm.de\/en\/wp-json\/wp\/v2\/pages"}],"about":[{"href":"https:\/\/www.dendropharm.de\/en\/wp-json\/wp\/v2\/types\/page"}],"author":[{"embeddable":true,"href":"https:\/\/www.dendropharm.de\/en\/wp-json\/wp\/v2\/users\/1"}],"replies":[{"embeddable":true,"href":"https:\/\/www.dendropharm.de\/en\/wp-json\/wp\/v2\/comments?post=186"}],"version-history":[{"count":6,"href":"https:\/\/www.dendropharm.de\/en\/wp-json\/wp\/v2\/pages\/186\/revisions"}],"predecessor-version":[{"id":519,"href":"https:\/\/www.dendropharm.de\/en\/wp-json\/wp\/v2\/pages\/186\/revisions\/519"}],"wp:attachment":[{"href":"https:\/\/www.dendropharm.de\/en\/wp-json\/wp\/v2\/media?parent=186"}],"curies":[{"name":"wp","href":"https:\/\/api.w.org\/{rel}","templated":true}]}}