{"id":16,"date":"2026-01-19T13:35:05","date_gmt":"2026-01-19T12:35:05","guid":{"rendered":"https:\/\/dendropharm.develop-stage.de\/?page_id=16"},"modified":"2026-02-27T17:06:11","modified_gmt":"2026-02-27T16:06:11","slug":"home","status":"publish","type":"page","link":"https:\/\/www.dendropharm.de\/en\/","title":{"rendered":"Home"},"content":{"rendered":"<p>[et_pb_section fb_built=&#8221;1&#8243; fullwidth=&#8221;on&#8221; _builder_version=&#8221;4.27.5&#8243; _module_preset=&#8221;default&#8221; global_colors_info=&#8221;{}&#8221; theme_builder_area=&#8221;post_content&#8221;][et_pb_fullwidth_slider show_arrows=&#8221;off&#8221; show_pagination=&#8221;off&#8221; _builder_version=&#8221;4.27.5&#8243; _module_preset=&#8221;default&#8221; header_font=&#8221;&#8211;et_global_body_font|700||on|||||&#8221; header_text_color=&#8221;#244360&#8243; background_image=&#8221;https:\/\/www.dendropharm.de\/wp-content\/uploads\/Header-scaled.jpg&#8221; custom_button=&#8221;on&#8221; button_text_size=&#8221;24px&#8221; button_text_color=&#8221;#FFFFFF&#8221; button_bg_color=&#8221;#D26D17&#8243; button_border_color=&#8221;RGBA(255,255,255,0)&#8221; button_border_radius=&#8221;14px&#8221; button_icon_color=&#8221;#FFFFFF&#8221; button_custom_margin=&#8221;||||false|false&#8221; button_custom_padding=&#8221;||||false|false&#8221; custom_padding=&#8221;||||false|false&#8221; header_text_shadow_style=&#8221;preset3&#8243; header_text_shadow_color=&#8221;#B4B4B4&#8243; global_colors_info=&#8221;{}&#8221; theme_builder_area=&#8221;post_content&#8221;][et_pb_slide heading=&#8221;Carriers to bring your drug to the target.&#8221; button_text=&#8221;Kontakt&#8221; button_link=&#8221;@ET-DC@eyJkeW5hbWljIjp0cnVlLCJjb250ZW50IjoicG9zdF9saW5rX3VybF9wYWdlIiwic2V0dGluZ3MiOnsicG9zdF9pZCI6IjIxMSJ9fQ==@&#8221; use_bg_overlay=&#8221;off&#8221; use_text_overlay=&#8221;on&#8221; text_overlay_color=&#8221;rgba(255,255,255,0.45)&#8221; _builder_version=&#8221;4.27.5&#8243; _dynamic_attributes=&#8221;button_link&#8221; _module_preset=&#8221;default&#8221; header_text_color=&#8221;#244360&#8243; text_orientation=&#8221;center&#8221; text_shadow_style=&#8221;preset3&#8243; text_shadow_color=&#8221;#FFFFFF&#8221; global_colors_info=&#8221;{}&#8221; sticky_transition=&#8221;on&#8221; theme_builder_area=&#8221;post_content&#8221;][\/et_pb_slide][\/et_pb_fullwidth_slider][\/et_pb_section][et_pb_section fb_built=&#8221;1&#8243; _builder_version=&#8221;4.27.5&#8243; _module_preset=&#8221;default&#8221; custom_padding=&#8221;||3px|||&#8221; global_colors_info=&#8221;{}&#8221; theme_builder_area=&#8221;post_content&#8221;][et_pb_row _builder_version=&#8221;4.27.5&#8243; _module_preset=&#8221;default&#8221; global_colors_info=&#8221;{}&#8221; theme_builder_area=&#8221;post_content&#8221;][et_pb_column type=&#8221;4_4&#8243; _builder_version=&#8221;4.27.5&#8243; _module_preset=&#8221;default&#8221; global_colors_info=&#8221;{}&#8221; theme_builder_area=&#8221;post_content&#8221;][et_pb_heading title=&#8221;DendroPharm &#8211; Contract Research und Development: Auftragssynthesen und Formulierungsentwicklung&#8221; _builder_version=&#8221;4.27.5&#8243; _module_preset=&#8221;default&#8221; global_colors_info=&#8221;{}&#8221; theme_builder_area=&#8221;post_content&#8221;][\/et_pb_heading][et_pb_text _builder_version=&#8221;4.27.5&#8243; _module_preset=&#8221;default&#8221; text_font=&#8221;&#8211;et_global_body_font||||||||&#8221; text_font_size=&#8221;18px&#8221; text_line_height=&#8221;1.9em&#8221; global_colors_info=&#8221;{}&#8221; theme_builder_area=&#8221;post_content&#8221;]<\/p>\n<p>DendroPharm synthetisiert polymere Hilfsstoffe und small molecular drugs im Lohnauftrag. Wir sind Spezialisten f\u00fcr dendritische Nanomaterialien, mit denen die Hautpenetration um bis zu Faktor 14 f\u00fcr lipophile und hydrophile Arzneistoffe verbessert werden kann. In unserem Reinraum erm\u00f6glichen wir die GMP Herstellung von Kleinchargen f\u00fcr halbfeste &amp; fl\u00fcssige Arzneimittel und Kosmetika. Dabei unterst\u00fctzen wir insbesondere start-ups und sclale-ups mit unserem regulatorischen Know-How.<\/p>\n<p>[\/et_pb_text][\/et_pb_column][\/et_pb_row][\/et_pb_section][et_pb_section fb_built=&#8221;1&#8243; _builder_version=&#8221;4.27.5&#8243; _module_preset=&#8221;default&#8221; custom_margin=&#8221;-17px|||||&#8221; custom_padding=&#8221;10px||33px|||&#8221; global_colors_info=&#8221;{}&#8221; theme_builder_area=&#8221;post_content&#8221;][et_pb_row _builder_version=&#8221;4.27.5&#8243; _module_preset=&#8221;default&#8221; global_colors_info=&#8221;{}&#8221; theme_builder_area=&#8221;post_content&#8221;][et_pb_column type=&#8221;4_4&#8243; _builder_version=&#8221;4.27.5&#8243; _module_preset=&#8221;default&#8221; global_colors_info=&#8221;{}&#8221; theme_builder_area=&#8221;post_content&#8221;][et_pb_heading title=&#8221;Unsere Technologie und Expertise &#8221; _builder_version=&#8221;4.27.5&#8243; _module_preset=&#8221;default&#8221; global_colors_info=&#8221;{}&#8221; theme_builder_area=&#8221;post_content&#8221;][\/et_pb_heading][et_pb_text _builder_version=&#8221;4.27.5&#8243; _module_preset=&#8221;default&#8221; text_font=&#8221;&#8211;et_global_body_font||||||||&#8221; text_font_size=&#8221;18px&#8221; text_line_height=&#8221;1.9em&#8221; global_colors_info=&#8221;{}&#8221; theme_builder_area=&#8221;post_content&#8221;]Bei DendroPharm stellen wir fortschrittliche Nanotransportertechnologie unter Verwendung GMP-konformer Prozesse her, um innovative L\u00f6sungen f\u00fcr die Arzneimittelentwicklung anzubieten \u2013 von der Entdeckung bis zur Produktion.[\/et_pb_text][\/et_pb_column][\/et_pb_row][et_pb_row _builder_version=&#8221;4.27.5&#8243; _module_preset=&#8221;default&#8221; global_colors_info=&#8221;{}&#8221; theme_builder_area=&#8221;post_content&#8221;][et_pb_column type=&#8221;4_4&#8243; _builder_version=&#8221;4.27.5&#8243; _module_preset=&#8221;default&#8221; global_colors_info=&#8221;{}&#8221; theme_builder_area=&#8221;post_content&#8221;][et_pb_text _builder_version=&#8221;4.27.5&#8243; _module_preset=&#8221;default&#8221; text_font_size=&#8221;18px&#8221; text_line_height=&#8221;1.9em&#8221; header_font_size=&#8221;44px&#8221; header_2_font=&#8221;||||||||&#8221; background_color=&#8221;#F9EADD&#8221; custom_padding=&#8221;15px|15px|15px|15px|false|false&#8221; global_colors_info=&#8221;{}&#8221; theme_builder_area=&#8221;post_content&#8221;]<\/p>\n<h2><i class=\"fa-solid fa-vial-virus orange\"><\/i> Stabilit\u00e4tsmessungen &amp; Formulierungsentwicklung<\/h2>\n<p>Stabilit\u00e4tspr\u00fcfung von Wirkstoffen gem\u00e4\u00df den ICH-Richtlinien, einschlie\u00dflich beschleunigter Belastungstests. Formulierung mit dendritischen Nanocarriern, die die gezielte Verabreichung verbessern, die Hautpenetration erh\u00f6hen und Nebenwirkungen reduzieren\u200b<\/p>\n<p>[\/et_pb_text][et_pb_text _builder_version=&#8221;4.27.5&#8243; _module_preset=&#8221;default&#8221; text_font_size=&#8221;18px&#8221; text_line_height=&#8221;1.9em&#8221; header_font_size=&#8221;44px&#8221; header_2_font=&#8221;||||||||&#8221; background_color=&#8221;#F9EADD&#8221; custom_padding=&#8221;15px|15px|15px|15px|false|false&#8221; global_colors_info=&#8221;{}&#8221; theme_builder_area=&#8221;post_content&#8221;]<\/p>\n<h2><i class=\"fa-solid fa-gears orange\"><\/i> Auftragssynthese<\/h2>\n<ul>\n<li>Synthese funktionalisierter Polymere.<\/li>\n<li>Synthese ma\u00dfgeschneiderter Core-Multi-Shell-Nanocarrier (CMS).<\/li>\n<li>Synthese anorganischer, funktionalisierter Eisenoxid-Nanocarrier.<\/li>\n<\/ul>\n<p>[\/et_pb_text][et_pb_text _builder_version=&#8221;4.27.5&#8243; _module_preset=&#8221;default&#8221; text_font_size=&#8221;18px&#8221; text_line_height=&#8221;1.9em&#8221; header_font_size=&#8221;44px&#8221; header_2_font=&#8221;||||||||&#8221; background_color=&#8221;#F9EADD&#8221; custom_padding=&#8221;15px|15px|15px|15px|false|false&#8221; global_colors_info=&#8221;{}&#8221; theme_builder_area=&#8221;post_content&#8221;]<\/p>\n<h2><i class=\"fa-solid fa-microscope orange\"><\/i> Testmuster &amp; Auftragsfertigung<\/h2>\n<ul>\n<li>GMP-Testmusterherstellung und Kleinserienproduktion bis 50 Liter.<\/li>\n<li>Geeignet f\u00fcr halbfeste und fl\u00fcssige unsterile Arzneimittel.<\/li>\n<\/ul>\n<p>Die DendroPharm GmbH bietet die Lohnfertigung f\u00fcr klinische Pr\u00fcfmuster und Kleinserien, insbesondere f\u00fcr halbfeste Substanzen an.<\/p>\n<p>[\/et_pb_text][et_pb_text _builder_version=&#8221;4.27.5&#8243; _module_preset=&#8221;default&#8221; text_font_size=&#8221;18px&#8221; text_line_height=&#8221;1.9em&#8221; header_font_size=&#8221;44px&#8221; header_2_font=&#8221;||||||||&#8221; background_color=&#8221;#F9EADD&#8221; custom_padding=&#8221;15px|15px|15px|15px|false|false&#8221; global_colors_info=&#8221;{}&#8221; theme_builder_area=&#8221;post_content&#8221;]<\/p>\n<h2><i class=\"fa-solid fa-pills orange\"><\/i> Diffusionszellen- und Arzneimittelfreisetzungstests<\/h2>\n<p>Diffusionszellentests zur Hautpenetration und Tests zur Wirkstofffreisetzung.<\/p>\n<p>DendroPharm bietet: Transmukosales Hautmodell, K\u00fcnstliches Hautmodell, Nacktmaus-\/Nacktrattenmodell, Menschliches Hautmodell, Studien zur Arzneimittelfreisetzung, Entwicklung von HPLC-Methoden<\/p>\n<p>[\/et_pb_text][\/et_pb_column][\/et_pb_row][et_pb_row _builder_version=&#8221;4.27.5&#8243; _module_preset=&#8221;default&#8221; global_colors_info=&#8221;{}&#8221; theme_builder_area=&#8221;post_content&#8221;][et_pb_column type=&#8221;4_4&#8243; _builder_version=&#8221;4.27.5&#8243; _module_preset=&#8221;default&#8221; global_colors_info=&#8221;{}&#8221; theme_builder_area=&#8221;post_content&#8221;][et_pb_button button_url=&#8221;@ET-DC@eyJkeW5hbWljIjp0cnVlLCJjb250ZW50IjoicG9zdF9saW5rX3VybF9wYWdlIiwic2V0dGluZ3MiOnsicG9zdF9pZCI6IjE1MSJ9fQ==@&#8221; button_text=&#8221;Erfahren Sie mehr&#8221; button_alignment=&#8221;center&#8221; _builder_version=&#8221;4.27.5&#8243; _dynamic_attributes=&#8221;button_url&#8221; _module_preset=&#8221;default&#8221; custom_button=&#8221;on&#8221; button_text_size=&#8221;24px&#8221; button_text_color=&#8221;#FFFFFF&#8221; button_bg_color=&#8221;#D26D17&#8243; button_border_color=&#8221;#FFFFFF&#8221; button_border_radius=&#8221;14px&#8221; global_colors_info=&#8221;{}&#8221; theme_builder_area=&#8221;post_content&#8221;][\/et_pb_button][\/et_pb_column][\/et_pb_row][\/et_pb_section][et_pb_section fb_built=&#8221;1&#8243; _builder_version=&#8221;4.27.5&#8243; _module_preset=&#8221;default&#8221; custom_margin=&#8221;-16px|||||&#8221; custom_padding=&#8221;31px|||||&#8221; global_colors_info=&#8221;{}&#8221; theme_builder_area=&#8221;post_content&#8221;][et_pb_row _builder_version=&#8221;4.27.5&#8243; _module_preset=&#8221;default&#8221; global_colors_info=&#8221;{}&#8221; theme_builder_area=&#8221;post_content&#8221;][et_pb_column type=&#8221;4_4&#8243; _builder_version=&#8221;4.27.5&#8243; _module_preset=&#8221;default&#8221; global_colors_info=&#8221;{}&#8221; theme_builder_area=&#8221;post_content&#8221;][et_pb_heading title=&#8221;Warum wir?&#8221; _builder_version=&#8221;4.27.5&#8243; _module_preset=&#8221;default&#8221; title_text_align=&#8221;center&#8221; global_colors_info=&#8221;{}&#8221; theme_builder_area=&#8221;post_content&#8221;][\/et_pb_heading][\/et_pb_column][\/et_pb_row][et_pb_row column_structure=&#8221;1_4,1_4,1_4,1_4&#8243; _builder_version=&#8221;4.27.5&#8243; _module_preset=&#8221;default&#8221; custom_margin=&#8221;|auto|44px|auto||&#8221; global_colors_info=&#8221;{}&#8221; theme_builder_area=&#8221;post_content&#8221;][et_pb_column type=&#8221;1_4&#8243; _builder_version=&#8221;4.27.5&#8243; _module_preset=&#8221;default&#8221; global_colors_info=&#8221;{}&#8221; theme_builder_area=&#8221;post_content&#8221;][et_pb_blurb title=&#8221;Ende-zu-Ende &#8221; use_icon=&#8221;on&#8221; font_icon=&#8221;&#xe042;||divi||400&#8243; icon_color=&#8221;#244360&#8243; _builder_version=&#8221;4.27.5&#8243; _module_preset=&#8221;default&#8221; header_font=&#8221;|600|||||||&#8221; header_text_align=&#8221;center&#8221; header_line_height=&#8221;1.4em&#8221; body_font_size=&#8221;18px&#8221; body_line_height=&#8221;1.9em&#8221; text_orientation=&#8221;center&#8221; global_colors_info=&#8221;{}&#8221; theme_builder_area=&#8221;post_content&#8221;]<\/p>\n<p>Von der Entdeckung bis zur GMP-Produktion begleiten wir jeden Schritt.<\/p>\n<p>[\/et_pb_blurb][\/et_pb_column][et_pb_column type=&#8221;1_4&#8243; _builder_version=&#8221;4.27.5&#8243; _module_preset=&#8221;default&#8221; global_colors_info=&#8221;{}&#8221; theme_builder_area=&#8221;post_content&#8221;][et_pb_blurb title=&#8221;Validierte GMP-Produktion&#8221; use_icon=&#8221;on&#8221; font_icon=&#8221;&#xf56e;||fa||900&#8243; icon_color=&#8221;#244360&#8243; _builder_version=&#8221;4.27.5&#8243; _module_preset=&#8221;default&#8221; header_font=&#8221;|600|||||||&#8221; header_text_align=&#8221;center&#8221; header_line_height=&#8221;1.4em&#8221; body_font_size=&#8221;18px&#8221; body_line_height=&#8221;1.9em&#8221; text_orientation=&#8221;center&#8221; global_colors_info=&#8221;{}&#8221; theme_builder_area=&#8221;post_content&#8221;]<\/p>\n<p>Die Herstellung entspricht vollst\u00e4ndig den GMP-Standards<\/p>\n<p>[\/et_pb_blurb][\/et_pb_column][et_pb_column type=&#8221;1_4&#8243; _builder_version=&#8221;4.27.5&#8243; _module_preset=&#8221;default&#8221; global_colors_info=&#8221;{}&#8221; theme_builder_area=&#8221;post_content&#8221;][et_pb_blurb title=&#8221;Moderne Produktionsanlagen&#8221; use_icon=&#8221;on&#8221; font_icon=&#8221;&#xf275;||fa||900&#8243; icon_color=&#8221;#244360&#8243; _builder_version=&#8221;4.27.5&#8243; _module_preset=&#8221;default&#8221; header_font=&#8221;|600|||||||&#8221; header_text_align=&#8221;center&#8221; header_line_height=&#8221;1.4em&#8221; body_font_size=&#8221;18px&#8221; body_line_height=&#8221;1.9em&#8221; text_orientation=&#8221;center&#8221; global_colors_info=&#8221;{}&#8221; theme_builder_area=&#8221;post_content&#8221;]<\/p>\n<p>800 m\u00b2 Reinr\u00e4ume, Labore, Lager und Produktion in Berlin.<\/p>\n<p>[\/et_pb_blurb][\/et_pb_column][et_pb_column type=&#8221;1_4&#8243; _builder_version=&#8221;4.27.5&#8243; _module_preset=&#8221;default&#8221; global_colors_info=&#8221;{}&#8221; theme_builder_area=&#8221;post_content&#8221;][et_pb_blurb title=&#8221;Ein Standort&#8221; use_icon=&#8221;on&#8221; font_icon=&#8221;&#xf3c5;||fa||900&#8243; icon_color=&#8221;#244360&#8243; _builder_version=&#8221;4.27.5&#8243; _module_preset=&#8221;default&#8221; header_font=&#8221;|600|||||||&#8221; header_text_align=&#8221;center&#8221; header_line_height=&#8221;1.4em&#8221; body_font_size=&#8221;18px&#8221; body_line_height=&#8221;1.9em&#8221; text_orientation=&#8221;center&#8221; global_colors_info=&#8221;{}&#8221; theme_builder_area=&#8221;post_content&#8221;]<\/p>\n<p>Alle Ressourcen unter einem Dach f\u00fcr optimale Effizienz.<\/p>\n<p>[\/et_pb_blurb][\/et_pb_column][\/et_pb_row][et_pb_row _builder_version=&#8221;4.27.5&#8243; _module_preset=&#8221;default&#8221; global_colors_info=&#8221;{}&#8221; theme_builder_area=&#8221;post_content&#8221;][et_pb_column type=&#8221;4_4&#8243; _builder_version=&#8221;4.27.5&#8243; _module_preset=&#8221;default&#8221; global_colors_info=&#8221;{}&#8221; theme_builder_area=&#8221;post_content&#8221;][et_pb_heading title=&#8221;EU-finanziertes Forschungsprojekt InnoCAN&#8221; _builder_version=&#8221;4.27.5&#8243; _module_preset=&#8221;default&#8221; title_level=&#8221;h2&#8243; title_text_align=&#8221;center&#8221; global_colors_info=&#8221;{}&#8221; theme_builder_area=&#8221;post_content&#8221;][\/et_pb_heading][et_pb_text _builder_version=&#8221;4.27.5&#8243; _module_preset=&#8221;default&#8221; text_font=&#8221;&#8211;et_global_body_font||||||||&#8221; text_font_size=&#8221;18px&#8221; text_line_height=&#8221;1.9em&#8221; global_colors_info=&#8221;{}&#8221; theme_builder_area=&#8221;post_content&#8221;]<\/p>\n<p>Dieses Projekt, das von der Europ\u00e4ischen Union im Rahmen des Pro FIT-Programms (1. Januar 2023 \u2013 30. September 2025) finanziert wird, zielt darauf ab, innovative mukoadh\u00e4sive Tr\u00e4ger zu entwickeln, um die Bioverf\u00fcgbarkeit und Vertr\u00e4glichkeit von Cannabisextrakten zu verbessern. Es umfasst auch die Entwicklung eines Verfahrens zur Messung der Mukoadh\u00e4sivit\u00e4t und einer standardisierten Methode zur Bewertung der Beladung von Nanotr\u00e4gern.<\/p>\n<p>[\/et_pb_text][\/et_pb_column][\/et_pb_row][et_pb_row column_structure=&#8221;1_2,1_2&#8243; _builder_version=&#8221;4.27.5&#8243; _module_preset=&#8221;default&#8221; global_colors_info=&#8221;{}&#8221; theme_builder_area=&#8221;post_content&#8221;][et_pb_column type=&#8221;1_2&#8243; _builder_version=&#8221;4.27.5&#8243; _module_preset=&#8221;default&#8221; global_colors_info=&#8221;{}&#8221; theme_builder_area=&#8221;post_content&#8221;][et_pb_image src=&#8221;https:\/\/www.dendropharm.de\/wp-content\/uploads\/IBB.png&#8221; title_text=&#8221;IBB&#8221; _builder_version=&#8221;4.27.5&#8243; _module_preset=&#8221;default&#8221; global_colors_info=&#8221;{}&#8221; theme_builder_area=&#8221;post_content&#8221;][\/et_pb_image][\/et_pb_column][et_pb_column type=&#8221;1_2&#8243; _builder_version=&#8221;4.27.5&#8243; _module_preset=&#8221;default&#8221; global_colors_info=&#8221;{}&#8221; theme_builder_area=&#8221;post_content&#8221;][et_pb_image src=&#8221;https:\/\/www.dendropharm.de\/wp-content\/uploads\/EFRE2.png&#8221; title_text=&#8221;EFRE2&#8243; _builder_version=&#8221;4.27.5&#8243; _module_preset=&#8221;default&#8221; global_colors_info=&#8221;{}&#8221; theme_builder_area=&#8221;post_content&#8221;][\/et_pb_image][\/et_pb_column][\/et_pb_row][\/et_pb_section]<\/p>\n","protected":false},"excerpt":{"rendered":"<p>DendroPharm synthetisiert polymere Hilfsstoffe und small molecular drugs im Lohnauftrag. Wir sind Spezialisten f\u00fcr dendritische Nanomaterialien, mit denen die Hautpenetration um bis zu Faktor 14 f\u00fcr lipophile und hydrophile Arzneistoffe verbessert werden kann. In unserem Reinraum erm\u00f6glichen wir die GMP Herstellung von Kleinchargen f\u00fcr halbfeste &amp; fl\u00fcssige Arzneimittel und Kosmetika. Dabei unterst\u00fctzen wir insbesondere start-ups und sclale-ups mit unserem regulatorischen Know-How.Bei DendroPharm stellen wir fortschrittliche Nanotransportertechnologie unter Verwendung GMP-konformer Prozesse her, um innovative L\u00f6sungen f\u00fcr die Arzneimittelentwicklung anzubieten \u2013 von der Entdeckung bis zur Produktion. Stabilit\u00e4tsmessungen &amp; Formulierungsentwicklung Stabilit\u00e4tspr\u00fcfung von Wirkstoffen gem\u00e4\u00df den ICH-Richtlinien, einschlie\u00dflich beschleunigter Belastungstests. Formulierung mit dendritischen Nanocarriern, die die gezielte Verabreichung verbessern, die Hautpenetration erh\u00f6hen und Nebenwirkungen reduzieren\u200b Auftragssynthese Synthese funktionalisierter Polymere. Synthese ma\u00dfgeschneiderter Core-Multi-Shell-Nanocarrier (CMS). Synthese anorganischer, funktionalisierter Eisenoxid-Nanocarrier. Testmuster &amp; Auftragsfertigung GMP-Testmusterherstellung und Kleinserienproduktion bis 50 Liter. Geeignet f\u00fcr halbfeste und fl\u00fcssige unsterile Arzneimittel. Die DendroPharm GmbH bietet die Lohnfertigung f\u00fcr klinische Pr\u00fcfmuster und Kleinserien, insbesondere f\u00fcr halbfeste Substanzen an. Diffusionszellen- und Arzneimittelfreisetzungstests Diffusionszellentests zur Hautpenetration und Tests zur Wirkstofffreisetzung. DendroPharm bietet: Transmukosales Hautmodell, K\u00fcnstliches Hautmodell, Nacktmaus-\/Nacktrattenmodell, Menschliches Hautmodell, Studien zur Arzneimittelfreisetzung, Entwicklung von HPLC-MethodenVon der Entdeckung bis zur GMP-Produktion begleiten wir jeden Schritt.Die Herstellung entspricht vollst\u00e4ndig den GMP-Standards800 m\u00b2 Reinr\u00e4ume, Labore, Lager und [&hellip;]<\/p>\n","protected":false},"author":1,"featured_media":0,"parent":0,"menu_order":0,"comment_status":"closed","ping_status":"closed","template":"","meta":{"_et_pb_use_builder":"on","_et_pb_old_content":"","_et_gb_content_width":"","footnotes":""},"class_list":["post-16","page","type-page","status-publish","hentry"],"_links":{"self":[{"href":"https:\/\/www.dendropharm.de\/en\/wp-json\/wp\/v2\/pages\/16","targetHints":{"allow":["GET"]}}],"collection":[{"href":"https:\/\/www.dendropharm.de\/en\/wp-json\/wp\/v2\/pages"}],"about":[{"href":"https:\/\/www.dendropharm.de\/en\/wp-json\/wp\/v2\/types\/page"}],"author":[{"embeddable":true,"href":"https:\/\/www.dendropharm.de\/en\/wp-json\/wp\/v2\/users\/1"}],"replies":[{"embeddable":true,"href":"https:\/\/www.dendropharm.de\/en\/wp-json\/wp\/v2\/comments?post=16"}],"version-history":[{"count":34,"href":"https:\/\/www.dendropharm.de\/en\/wp-json\/wp\/v2\/pages\/16\/revisions"}],"predecessor-version":[{"id":522,"href":"https:\/\/www.dendropharm.de\/en\/wp-json\/wp\/v2\/pages\/16\/revisions\/522"}],"wp:attachment":[{"href":"https:\/\/www.dendropharm.de\/en\/wp-json\/wp\/v2\/media?parent=16"}],"curies":[{"name":"wp","href":"https:\/\/api.w.org\/{rel}","templated":true}]}}