{"id":151,"date":"2026-01-19T13:35:05","date_gmt":"2026-01-19T12:35:05","guid":{"rendered":"https:\/\/dendropharm.develop-stage.de\/?page_id=151"},"modified":"2026-02-27T16:55:49","modified_gmt":"2026-02-27T15:55:49","slug":"technologie","status":"publish","type":"page","link":"https:\/\/www.dendropharm.de\/en\/technologie\/","title":{"rendered":"Technologie"},"content":{"rendered":"<p>[et_pb_section fb_built=&#8221;1&#8243; fullwidth=&#8221;on&#8221; _builder_version=&#8221;4.27.5&#8243; _module_preset=&#8221;default&#8221; global_colors_info=&#8221;{}&#8221; theme_builder_area=&#8221;post_content&#8221;][et_pb_fullwidth_image src=&#8221;https:\/\/www.dendropharm.de\/wp-content\/uploads\/LaborMicroscope-scaled.jpg&#8221; title_text=&#8221;LaborMicroscope&#8221; _builder_version=&#8221;4.27.5&#8243; _module_preset=&#8221;default&#8221; global_colors_info=&#8221;{}&#8221; theme_builder_area=&#8221;post_content&#8221;][\/et_pb_fullwidth_image][\/et_pb_section][et_pb_section fb_built=&#8221;1&#8243; _builder_version=&#8221;4.27.5&#8243; _module_preset=&#8221;default&#8221; custom_padding=&#8221;||3px|||&#8221; global_colors_info=&#8221;{}&#8221; theme_builder_area=&#8221;post_content&#8221;][et_pb_row _builder_version=&#8221;4.27.5&#8243; _module_preset=&#8221;default&#8221; global_colors_info=&#8221;{}&#8221; theme_builder_area=&#8221;post_content&#8221;][et_pb_column type=&#8221;4_4&#8243; _builder_version=&#8221;4.27.5&#8243; _module_preset=&#8221;default&#8221; global_colors_info=&#8221;{}&#8221; theme_builder_area=&#8221;post_content&#8221;][et_pb_heading title=&#8221;Unsere Technologie&#8221; _builder_version=&#8221;4.27.5&#8243; _module_preset=&#8221;default&#8221; global_colors_info=&#8221;{}&#8221; theme_builder_area=&#8221;post_content&#8221;][\/et_pb_heading][et_pb_text _builder_version=&#8221;4.27.5&#8243; _module_preset=&#8221;default&#8221; text_font=&#8221;&#8211;et_global_body_font||||||||&#8221; text_font_size=&#8221;18px&#8221; text_line_height=&#8221;1.9em&#8221; global_colors_info=&#8221;{}&#8221; theme_builder_area=&#8221;post_content&#8221;]<\/p>\n<p>Unsere Technologie basiert auf biokompatiblen dendritischen core multi-shell Nanocarriern. Diese Technologie wurde zwischen 2002 und 2012 in der Gruppe von Prof. Dr. Rainer Haag an der Universit\u00e4t Dortmund und der Freien Universit\u00e4t Berlin entwickelt. Die Sicherheit und Effizienz unserer Technologie wurde bereits in vitro und in vivo getestet.<\/p>\n<p>Als Plattformtechnologie k\u00f6nnen unsere Tr\u00e4ger an die Bed\u00fcrfnisse unserer Kunden und Forschungspartner angepasst werden. Durch die Anpassung der polaren und unpolaren Bereiche unserer Carrier k\u00f6nnen wir beispielsweise die Beladung mit einem bestimmten Wirkstoff verbessern und damit die L\u00f6slichkeit und Bioverf\u00fcgbarkeit des Wirkstoffs erh\u00f6hen.<\/p>\n<p>[\/et_pb_text][\/et_pb_column][\/et_pb_row][\/et_pb_section][et_pb_section fb_built=&#8221;1&#8243; _builder_version=&#8221;4.27.5&#8243; _module_preset=&#8221;default&#8221; custom_padding=&#8221;3px||33px|||&#8221; global_colors_info=&#8221;{}&#8221; theme_builder_area=&#8221;post_content&#8221;][et_pb_row _builder_version=&#8221;4.27.5&#8243; _module_preset=&#8221;default&#8221; global_colors_info=&#8221;{}&#8221; theme_builder_area=&#8221;post_content&#8221;][et_pb_column type=&#8221;4_4&#8243; _builder_version=&#8221;4.27.5&#8243; _module_preset=&#8221;default&#8221; global_colors_info=&#8221;{}&#8221; theme_builder_area=&#8221;post_content&#8221;][et_pb_heading title=&#8221;DendroSol&#8221; _builder_version=&#8221;4.27.5&#8243; _module_preset=&#8221;default&#8221; title_level=&#8221;h2&#8243; custom_margin=&#8221;||-4px|||&#8221; global_colors_info=&#8221;{}&#8221; theme_builder_area=&#8221;post_content&#8221;][\/et_pb_heading][\/et_pb_column][\/et_pb_row][et_pb_row column_structure=&#8221;1_2,1_2&#8243; _builder_version=&#8221;4.27.5&#8243; _module_preset=&#8221;default&#8221; custom_margin=&#8221;-2px|auto||auto||&#8221; custom_padding=&#8221;6px|||||&#8221; global_colors_info=&#8221;{}&#8221; theme_builder_area=&#8221;post_content&#8221;][et_pb_column type=&#8221;1_2&#8243; _builder_version=&#8221;4.27.5&#8243; _module_preset=&#8221;default&#8221; global_colors_info=&#8221;{}&#8221; theme_builder_area=&#8221;post_content&#8221;][et_pb_text _builder_version=&#8221;4.27.5&#8243; _module_preset=&#8221;default&#8221; text_font=&#8221;&#8211;et_global_body_font||||||||&#8221; text_font_size=&#8221;18px&#8221; text_line_height=&#8221;1.9em&#8221; hover_enabled=&#8221;0&#8243; global_colors_info=&#8221;{}&#8221; theme_builder_area=&#8221;post_content&#8221; sticky_enabled=&#8221;0&#8243; link_option_url_new_window=&#8221;on&#8221;]<\/p>\n<p>DendroSol<strong>\u00ae<\/strong> ist ein hochgradig amphiphiler Carrier, der die Hautpenetration sowohl lipophiler als auch hydrophiler Arzneimittel, insbesondere, schwer l\u00f6slicher oder stark lipophiler, erheblich verbessert. Er erleichtert den Transport durch das Stratum corneum und sorgt im Vergleich zu herk\u00f6mmlichen Formulierungen f\u00fcr 2-14fach h\u00f6here Wirkstoffkonzentrationen in tieferen Hautschichten. DendroSol<strong>\u00ae<\/strong> ist ungiftig und nicht reizend und hat sich bei Stoffen wie Doxorubicin, Dexamethason, Sagopilone, Nimodipin, Nile Red und Rhodamin B als wirksam erwiesen (<a href=\"https:\/\/www.sciencedirect.com\/science\/article\/abs\/pii\/S0939641108003226?via%3Dihub\" title=\"Nanoparticles for skin penetration enhancement \u2013 A comparison of a dendritic core-multishell-nanotransporter and solid lipid nanoparticles\">Literatur<\/a>).<\/p>\n<p>Funktionalisiertes Dendrosol\u00ae sowie Gele auf Basis unseren dendritischen Polyglycerolen bringen Wirkstoffe gezielt in Haarwurzeln ein und ist daher auch f\u00fcr kosmetische Anwendungen interessant. Wirkstoffeinsparungen um den Faktor 3-5 sind in der <a href=\"https:\/\/pubs.rsc.org\/en\/content\/articlelanding\/2017\/nr\/c6nr06435c\" target=\"_blank\" rel=\"noopener\" title=\"Dendritic polyglycerol and N-isopropylacrylamide based thermoresponsive nanogels as smart carriers for controlled delivery of drugs through the hair follicle\">Literatur<\/a> (<a href=\"https:\/\/pubs.rsc.org\/en\/content\/articlelanding\/2017\/nr\/c6nr06435c\" target=\"_blank\" rel=\"noopener\" title=\"Dendritic polyglycerol and N-isopropylacrylamide based thermoresponsive nanogels as smart carriers for controlled delivery of drugs through the hair follicle\">1<\/a>, <a href=\"https:\/\/onlinelibrary.wiley.com\/doi\/full\/10.1002\/mabi.201600505\" title=\"Synthesis and Validation of Functional Nanogels as pH-Sensors in the Hair Follicle\">2<\/a>) belegt.<\/p>\n<p>[\/et_pb_text][\/et_pb_column][et_pb_column type=&#8221;1_2&#8243; _builder_version=&#8221;4.27.5&#8243; _module_preset=&#8221;default&#8221; global_colors_info=&#8221;{}&#8221; theme_builder_area=&#8221;post_content&#8221;][et_pb_image src=&#8221;https:\/\/www.dendropharm.de\/wp-content\/uploads\/Dendrosol-scheme.png&#8221; title_text=&#8221;Dendrosol-scheme&#8221; _builder_version=&#8221;4.27.5&#8243; _module_preset=&#8221;default&#8221; global_colors_info=&#8221;{}&#8221; theme_builder_area=&#8221;post_content&#8221;][\/et_pb_image][\/et_pb_column][\/et_pb_row][\/et_pb_section][et_pb_section fb_built=&#8221;1&#8243; _builder_version=&#8221;4.27.5&#8243; _module_preset=&#8221;default&#8221; min_height=&#8221;504.6px&#8221; custom_margin=&#8221;-37px|||||&#8221; custom_padding=&#8221;2px||33px|||&#8221; global_colors_info=&#8221;{}&#8221; theme_builder_area=&#8221;post_content&#8221;][et_pb_row _builder_version=&#8221;4.27.5&#8243; _module_preset=&#8221;default&#8221; global_colors_info=&#8221;{}&#8221; theme_builder_area=&#8221;post_content&#8221;][et_pb_column type=&#8221;4_4&#8243; _builder_version=&#8221;4.27.5&#8243; _module_preset=&#8221;default&#8221; global_colors_info=&#8221;{}&#8221; theme_builder_area=&#8221;post_content&#8221;][et_pb_heading title=&#8221;DendroCarrier&#8221; _builder_version=&#8221;4.27.5&#8243; _module_preset=&#8221;default&#8221; title_level=&#8221;h2&#8243; custom_margin=&#8221;||-4px|||&#8221; custom_padding=&#8221;10px||||false|false&#8221; global_colors_info=&#8221;{}&#8221; theme_builder_area=&#8221;post_content&#8221;][\/et_pb_heading][\/et_pb_column][\/et_pb_row][et_pb_row column_structure=&#8221;1_2,1_2&#8243; _builder_version=&#8221;4.27.5&#8243; _module_preset=&#8221;default&#8221; custom_margin=&#8221;-2px|auto||auto||&#8221; custom_padding=&#8221;6px|||||&#8221; global_colors_info=&#8221;{}&#8221; theme_builder_area=&#8221;post_content&#8221;][et_pb_column type=&#8221;1_2&#8243; _builder_version=&#8221;4.27.5&#8243; _module_preset=&#8221;default&#8221; global_colors_info=&#8221;{}&#8221; theme_builder_area=&#8221;post_content&#8221;][et_pb_text _builder_version=&#8221;4.27.5&#8243; _module_preset=&#8221;default&#8221; text_font=&#8221;&#8211;et_global_body_font||||||||&#8221; text_font_size=&#8221;18px&#8221; text_line_height=&#8221;1.9em&#8221; hover_enabled=&#8221;0&#8243; global_colors_info=&#8221;{}&#8221; theme_builder_area=&#8221;post_content&#8221; sticky_enabled=&#8221;0&#8243;]<\/p>\n<p>DendroCarrier\u2122-Tr\u00e4ger reichern sich selektiv im Tumorgewebe an und erm\u00f6glichen eine kontrollierte, pH-abh\u00e4ngige Wirkstofffreisetzung innerhalb der Tumorumgebung. Diese pH-sensible Technologie, gemeinsam mit der Freien Universit\u00e4t Berlin entwickelt, hat bereits erfolgreich Wirkstoffe wie Nimodipin und Doxorubicin eingekapselt. Erste Tierversuche zeigen eine ausgezeichnete Biokompatibilit\u00e4t.<\/p>\n<p>[\/et_pb_text][\/et_pb_column][et_pb_column type=&#8221;1_2&#8243; _builder_version=&#8221;4.27.5&#8243; _module_preset=&#8221;default&#8221; global_colors_info=&#8221;{}&#8221; theme_builder_area=&#8221;post_content&#8221;][et_pb_image src=&#8221;https:\/\/www.dendropharm.de\/wp-content\/uploads\/dendroCarrier.gif&#8221; title_text=&#8221;dendroCarrier&#8221; _builder_version=&#8221;4.27.5&#8243; _module_preset=&#8221;default&#8221; global_colors_info=&#8221;{}&#8221; theme_builder_area=&#8221;post_content&#8221;][\/et_pb_image][\/et_pb_column][\/et_pb_row][\/et_pb_section][et_pb_section fb_built=&#8221;1&#8243; _builder_version=&#8221;4.27.5&#8243; _module_preset=&#8221;default&#8221; min_height=&#8221;548.6px&#8221; custom_margin=&#8221;-114px|||||&#8221; custom_padding=&#8221;3px||33px|||&#8221; global_colors_info=&#8221;{}&#8221; theme_builder_area=&#8221;post_content&#8221;][et_pb_row _builder_version=&#8221;4.27.5&#8243; _module_preset=&#8221;default&#8221; custom_padding=&#8221;30px|||||&#8221; global_colors_info=&#8221;{}&#8221; theme_builder_area=&#8221;post_content&#8221;][et_pb_column type=&#8221;4_4&#8243; _builder_version=&#8221;4.27.5&#8243; _module_preset=&#8221;default&#8221; global_colors_info=&#8221;{}&#8221; theme_builder_area=&#8221;post_content&#8221;][et_pb_heading title=&#8221;DendroCore&#8221; _builder_version=&#8221;4.27.5&#8243; _module_preset=&#8221;default&#8221; title_level=&#8221;h2&#8243; custom_margin=&#8221;||-4px|||&#8221; custom_padding=&#8221;||||false|false&#8221; global_colors_info=&#8221;{}&#8221; theme_builder_area=&#8221;post_content&#8221;][\/et_pb_heading][\/et_pb_column][\/et_pb_row][et_pb_row column_structure=&#8221;1_2,1_2&#8243; _builder_version=&#8221;4.27.5&#8243; _module_preset=&#8221;default&#8221; custom_margin=&#8221;-2px|auto||auto||&#8221; custom_padding=&#8221;6px|||||&#8221; global_colors_info=&#8221;{}&#8221; theme_builder_area=&#8221;post_content&#8221;][et_pb_column type=&#8221;1_2&#8243; _builder_version=&#8221;4.27.5&#8243; _module_preset=&#8221;default&#8221; global_colors_info=&#8221;{}&#8221; theme_builder_area=&#8221;post_content&#8221;][et_pb_text _builder_version=&#8221;4.27.5&#8243; _module_preset=&#8221;default&#8221; text_font=&#8221;&#8211;et_global_body_font||||||||&#8221; text_font_size=&#8221;18px&#8221; text_line_height=&#8221;1.9em&#8221; global_colors_info=&#8221;{}&#8221; theme_builder_area=&#8221;post_content&#8221;]<\/p>\n<p>DendroCore\u2122 ist ein hochsulfatiertes, multivalentes Pr\u00e4parat, das als wirksames Heparin-Analogon mit starken entz\u00fcndungshemmenden und antithrombotischen Eigenschaften wirkt. Seine Wirksamkeit beruht auf einer starken Bindung an P- und L-Selektine, wodurch die Adh\u00e4sion von Leukozyten an entz\u00fcndetem Gewebe blockiert und somit ein wichtiger Schritt in der Entz\u00fcndungskaskade unterbrochen wird.<\/p>\n<p>[\/et_pb_text][\/et_pb_column][et_pb_column type=&#8221;1_2&#8243; _builder_version=&#8221;4.27.5&#8243; _module_preset=&#8221;default&#8221; global_colors_info=&#8221;{}&#8221; theme_builder_area=&#8221;post_content&#8221;][et_pb_image src=&#8221;https:\/\/www.dendropharm.de\/wp-content\/uploads\/dendrocore.gif&#8221; title_text=&#8221;dendrocore&#8221; _builder_version=&#8221;4.27.5&#8243; _module_preset=&#8221;default&#8221; global_colors_info=&#8221;{}&#8221; theme_builder_area=&#8221;post_content&#8221;][\/et_pb_image][\/et_pb_column][\/et_pb_row][\/et_pb_section][et_pb_section fb_built=&#8221;1&#8243; _builder_version=&#8221;4.27.5&#8243; _module_preset=&#8221;default&#8221; min_height=&#8221;427px&#8221; custom_padding=&#8221;10px|||||&#8221; global_colors_info=&#8221;{}&#8221; theme_builder_area=&#8221;post_content&#8221;][et_pb_row _builder_version=&#8221;4.27.5&#8243; _module_preset=&#8221;default&#8221; global_colors_info=&#8221;{}&#8221; theme_builder_area=&#8221;post_content&#8221;][et_pb_column type=&#8221;4_4&#8243; _builder_version=&#8221;4.27.5&#8243; _module_preset=&#8221;default&#8221; global_colors_info=&#8221;{}&#8221; theme_builder_area=&#8221;post_content&#8221;][et_pb_heading title=&#8221;Kontaktieren Sie uns f\u00fcr weitere Informationen zu unserer Technologie.&#8221; _builder_version=&#8221;4.27.5&#8243; _module_preset=&#8221;default&#8221; title_font_size=&#8221;28px&#8221; global_colors_info=&#8221;{}&#8221; theme_builder_area=&#8221;post_content&#8221;][\/et_pb_heading][et_pb_text _builder_version=&#8221;4.27.5&#8243; _module_preset=&#8221;default&#8221; text_font=&#8221;&#8211;et_global_body_font||||||||&#8221; text_font_size=&#8221;18px&#8221; text_line_height=&#8221;1.9em&#8221; global_colors_info=&#8221;{}&#8221; theme_builder_area=&#8221;post_content&#8221;]DendroPharm ist an Kooperationen mit Unternehmen oder akademischen Forschungsgruppen interessiert, um neue Medikamente und neuartige Wirkstofffreisetzungssysteme zu entwickeln.[\/et_pb_text][et_pb_button button_url=&#8221;@ET-DC@eyJkeW5hbWljIjp0cnVlLCJjb250ZW50IjoicG9zdF9saW5rX3VybF9wYWdlIiwic2V0dGluZ3MiOnsicG9zdF9pZCI6IjIxMSJ9fQ==@&#8221; button_text=&#8221;Kontakt&#8221; button_alignment=&#8221;center&#8221; _builder_version=&#8221;4.27.5&#8243; _dynamic_attributes=&#8221;button_url&#8221; _module_preset=&#8221;default&#8221; custom_button=&#8221;on&#8221; button_text_size=&#8221;24px&#8221; button_text_color=&#8221;#FFFFFF&#8221; button_bg_color=&#8221;#D26D17&#8243; button_border_color=&#8221;#FFFFFF&#8221; button_border_radius=&#8221;14px&#8221; global_colors_info=&#8221;{}&#8221; theme_builder_area=&#8221;post_content&#8221;][\/et_pb_button][\/et_pb_column][\/et_pb_row][\/et_pb_section]<\/p>\n","protected":false},"excerpt":{"rendered":"<p>Unsere Technologie basiert auf biokompatiblen dendritischen core multi-shell Nanocarriern. Diese Technologie wurde zwischen 2002 und 2012 in der Gruppe von Prof. Dr. Rainer Haag an der Universit\u00e4t Dortmund und der Freien Universit\u00e4t Berlin entwickelt. Die Sicherheit und Effizienz unserer Technologie wurde bereits in vitro und in vivo getestet. Als Plattformtechnologie k\u00f6nnen unsere Tr\u00e4ger an die Bed\u00fcrfnisse unserer Kunden und Forschungspartner angepasst werden. Durch die Anpassung der polaren und unpolaren Bereiche unserer Carrier k\u00f6nnen wir beispielsweise die Beladung mit einem bestimmten Wirkstoff verbessern und damit die L\u00f6slichkeit und Bioverf\u00fcgbarkeit des Wirkstoffs erh\u00f6hen.DendroSol\u00ae ist ein hochgradig amphiphiler Carrier, der die Hautpenetration sowohl lipophiler als auch hydrophiler Arzneimittel, insbesondere, schwer l\u00f6slicher oder stark lipophiler, erheblich verbessert. Er erleichtert den Transport durch das Stratum corneum und sorgt im Vergleich zu herk\u00f6mmlichen Formulierungen f\u00fcr 2-14fach h\u00f6here Wirkstoffkonzentrationen in tieferen Hautschichten. DendroSol\u00ae ist ungiftig und nicht reizend und hat sich bei Stoffen wie Doxorubicin, Dexamethason, Sagopilone, Nimodipin, Nile Red und Rhodamin B als wirksam erwiesen (Literatur). Funktionalisiertes Dendrosol\u00ae sowie Gele auf Basis unseren dendritischen Polyglycerolen bringen Wirkstoffe gezielt in Haarwurzeln ein und ist daher auch f\u00fcr kosmetische Anwendungen interessant. Wirkstoffeinsparungen um den Faktor 3-5 sind in der Literatur (1, 2) belegt.DendroCarrier\u2122-Tr\u00e4ger reichern sich selektiv im Tumorgewebe [&hellip;]<\/p>\n","protected":false},"author":1,"featured_media":0,"parent":0,"menu_order":0,"comment_status":"closed","ping_status":"closed","template":"","meta":{"_et_pb_use_builder":"on","_et_pb_old_content":"","_et_gb_content_width":"","footnotes":""},"class_list":["post-151","page","type-page","status-publish","hentry"],"_links":{"self":[{"href":"https:\/\/www.dendropharm.de\/en\/wp-json\/wp\/v2\/pages\/151","targetHints":{"allow":["GET"]}}],"collection":[{"href":"https:\/\/www.dendropharm.de\/en\/wp-json\/wp\/v2\/pages"}],"about":[{"href":"https:\/\/www.dendropharm.de\/en\/wp-json\/wp\/v2\/types\/page"}],"author":[{"embeddable":true,"href":"https:\/\/www.dendropharm.de\/en\/wp-json\/wp\/v2\/users\/1"}],"replies":[{"embeddable":true,"href":"https:\/\/www.dendropharm.de\/en\/wp-json\/wp\/v2\/comments?post=151"}],"version-history":[{"count":16,"href":"https:\/\/www.dendropharm.de\/en\/wp-json\/wp\/v2\/pages\/151\/revisions"}],"predecessor-version":[{"id":517,"href":"https:\/\/www.dendropharm.de\/en\/wp-json\/wp\/v2\/pages\/151\/revisions\/517"}],"wp:attachment":[{"href":"https:\/\/www.dendropharm.de\/en\/wp-json\/wp\/v2\/media?parent=151"}],"curies":[{"name":"wp","href":"https:\/\/api.w.org\/{rel}","templated":true}]}}